{"id":325,"date":"2023-06-02T09:45:03","date_gmt":"2023-06-02T09:45:03","guid":{"rendered":"https:\/\/janabraendle.ch\/?page_id=325"},"modified":"2025-04-16T14:54:52","modified_gmt":"2025-04-16T14:54:52","slug":"325-2","status":"publish","type":"page","link":"https:\/\/janabraendle.ch\/?page_id=325","title":{"rendered":""},"content":{"rendered":"\n<p class=\"has-dm-sans-font-family has-medium-font-size\"><strong>VITA<\/strong><br><\/p>\n\n\n\n<div class=\"wp-block-columns is-layout-flex wp-container-core-columns-is-layout-1 wp-block-columns-is-layout-flex\">\n<div class=\"wp-block-column is-layout-flow wp-block-column-is-layout-flow\" style=\"flex-basis:33.33%\"><\/div>\n\n\n\n<div class=\"wp-block-column is-layout-flow wp-block-column-is-layout-flow\" style=\"flex-basis:66.66%\"><\/div>\n<\/div>\n\n\n\n<div class=\"wp-block-columns is-layout-flex wp-container-core-columns-is-layout-2 wp-block-columns-is-layout-flex\">\n<div class=\"wp-block-column is-layout-flow wp-block-column-is-layout-flow\" style=\"flex-basis:33.33%\">\n<p style=\"font-size:0.8rem\">2025<\/p>\n<\/div>\n\n\n\n<div class=\"wp-block-column is-layout-flow wp-block-column-is-layout-flow\" style=\"flex-basis:66.66%\">\n<p class=\"has-dm-sans-font-family\" style=\"font-size:0.8rem\"><strong>Heidi<\/strong> \/ Ausstattungsassistenz \/ Lena Reissner \/ Theater Neumarkt <\/p>\n<\/div>\n<\/div>\n\n\n\n<div class=\"wp-block-columns is-layout-flex wp-container-core-columns-is-layout-3 wp-block-columns-is-layout-flex\">\n<div class=\"wp-block-column is-layout-flow wp-block-column-is-layout-flow\" style=\"flex-basis:33.33%\">\n<p class=\"has-dm-sans-font-family\" style=\"font-size:0.8rem\">2024<\/p>\n<\/div>\n\n\n\n<div class=\"wp-block-column is-layout-flow wp-block-column-is-layout-flow\" style=\"flex-basis:66.66%\">\n<p class=\"has-dm-sans-font-family\" style=\"font-size:0.8rem\"><strong>What&#8217;s next_Compass 24\/25 <\/strong>\/ Teilnehmerin \/ Z-Kubator der Z\u00fcrcher Hochschule der K\u00fcnste (ZHdK)<\/p>\n<\/div>\n<\/div>\n\n\n\n<div class=\"wp-block-columns is-layout-flex wp-container-core-columns-is-layout-4 wp-block-columns-is-layout-flex\">\n<div class=\"wp-block-column is-layout-flow wp-block-column-is-layout-flow\" style=\"flex-basis:33.33%\"><\/div>\n\n\n\n<div class=\"wp-block-column is-layout-flow wp-block-column-is-layout-flow\" style=\"flex-basis:66.66%\">\n<p class=\"has-dm-sans-font-family\" style=\"font-size:0.8rem\"><strong>Gloria <\/strong>\/ Ausstattungsassistenz \/ Gosia Wdowik \/ Theater Neumarkt<\/p>\n<\/div>\n<\/div>\n\n\n\n<div class=\"wp-block-columns is-layout-flex wp-container-core-columns-is-layout-5 wp-block-columns-is-layout-flex\">\n<div class=\"wp-block-column is-layout-flow wp-block-column-is-layout-flow\" style=\"flex-basis:33.33%\"><\/div>\n\n\n\n<div class=\"wp-block-column is-layout-flow wp-block-column-is-layout-flow\" style=\"flex-basis:66.66%\">\n<p class=\"has-dm-sans-font-family\" style=\"font-size:0.8rem\"><strong>Hypernoia \u2013 Eine Gegenrealit\u00e4t <\/strong>\/ Gastspiel Spiilpl\u00e4tz Festival 2024 \/ Schiffbau Box, Schauspielhaus Z\u00fcrich<\/p>\n<\/div>\n<\/div>\n\n\n\n<div class=\"wp-block-columns is-layout-flex wp-container-core-columns-is-layout-6 wp-block-columns-is-layout-flex\">\n<div class=\"wp-block-column is-layout-flow wp-block-column-is-layout-flow\" style=\"flex-basis:33.33%\"><\/div>\n\n\n\n<div class=\"wp-block-column is-layout-flow wp-block-column-is-layout-flow\" style=\"flex-basis:66.66%\">\n<p class=\"has-dm-sans-font-family\" style=\"font-size:0.8rem\"><strong>Bis das b\u00f6se Einhorn tanzt<\/strong> \/ Ausstattung, k\u00fcnstlerische Co. \u2013 Leitung und Spiel \/ uantuzten theaterkollektiv \/ Theater PurPur und weitere <\/p>\n<\/div>\n<\/div>\n\n\n\n<div class=\"wp-block-columns is-layout-flex wp-container-core-columns-is-layout-7 wp-block-columns-is-layout-flex\">\n<div class=\"wp-block-column is-layout-flow wp-block-column-is-layout-flow\" style=\"flex-basis:33.33%\"><\/div>\n\n\n\n<div class=\"wp-block-column is-layout-flow wp-block-column-is-layout-flow\" style=\"flex-basis:66.66%\">\n<p class=\"has-dm-sans-font-family\" style=\"font-size:0.8rem\"><strong>Calling <\/strong>\/ Showtechnik Licht \/ The Field \/ Tanzhaus Z\u00fcrich<\/p>\n<\/div>\n<\/div>\n\n\n\n<div class=\"wp-block-columns is-layout-flex wp-container-core-columns-is-layout-8 wp-block-columns-is-layout-flex\">\n<div class=\"wp-block-column is-layout-flow wp-block-column-is-layout-flow\" style=\"flex-basis:33.33%\"><\/div>\n\n\n\n<div class=\"wp-block-column is-layout-flow wp-block-column-is-layout-flow\" style=\"flex-basis:66.66%\">\n<p class=\"has-dm-sans-font-family\" style=\"font-size:0.8rem\"><strong>Hypernoia \u2013 Eine Gegenrealit\u00e4t <\/strong>\/ Ausstattung &amp; Licht \/ Benjamin Burger &amp; Michel Blaser \/ junges Schalktheater \/ Kulturmarkt Z\u00fcrich<\/p>\n<\/div>\n<\/div>\n\n\n\n<div class=\"wp-block-columns is-layout-flex wp-container-core-columns-is-layout-9 wp-block-columns-is-layout-flex\">\n<div class=\"wp-block-column is-layout-flow wp-block-column-is-layout-flow\" style=\"flex-basis:33.33%\">\n<p class=\"has-dm-sans-font-family\" style=\"font-size:0.8rem\">2023<\/p>\n<\/div>\n\n\n\n<div class=\"wp-block-column is-layout-flow wp-block-column-is-layout-flow\" style=\"flex-basis:66.66%\">\n<p class=\"has-dm-sans-font-family\" style=\"font-size:0.8rem\"><strong>The Best Worst Case \u2013 Eine partizipative St\u00fcckentwicklung <\/strong>\/ k\u00fcnstlerische Co. \u2013 Leitung \/ uantuzten theaterkollektiv \/ Theater PurPur Z\u00fcrich <\/p>\n<\/div>\n<\/div>\n\n\n\n<div class=\"wp-block-columns is-layout-flex wp-container-core-columns-is-layout-10 wp-block-columns-is-layout-flex\">\n<div class=\"wp-block-column is-layout-flow wp-block-column-is-layout-flow\" style=\"flex-basis:33.33%\">\n<p class=\"has-dm-sans-font-family\" style=\"font-size:0.8rem\"><\/p>\n<\/div>\n\n\n\n<div class=\"wp-block-column is-layout-flow wp-block-column-is-layout-flow\" style=\"flex-basis:66.66%\">\n<p class=\"has-dm-sans-font-family\" style=\"font-size:0.8rem\"><strong>z&#8217;Berg <\/strong>\/ Showtechnik Licht \/ Annatina Huwiler \/ Treibstoff Theatertage Kaserne Basel<\/p>\n\n\n\n<p class=\"has-dm-sans-font-family\" style=\"font-size:0.8rem\"><strong>WUT <\/strong>\/ Produktionsassistenz \/ Diana Rojas-Feile \/ Rote Fabrik Z\u00fcrich<\/p>\n\n\n\n<p class=\"has-dm-sans-font-family\" style=\"font-size:0.8rem\"><strong>Soundtracks deiner Stadt <\/strong>\/ Co. \u2013 Konzept &amp; Umsetzung \/ uantuzten theaterkollektiv \/ Schaffhauser Kulturtage 2023<\/p>\n\n\n\n<p class=\"has-dm-sans-font-family\" style=\"font-size:0.8rem\"><strong>Don&#8217;t Do Nothing Be Bored <\/strong>\/ Konzept &amp; Umsetzung \/ Bachelor Diplomprojekt \/ Z\u00fcrcher Hochschule der K\u00fcnste<\/p>\n<\/div>\n<\/div>\n\n\n\n<div class=\"wp-block-columns is-layout-flex wp-container-core-columns-is-layout-11 wp-block-columns-is-layout-flex\">\n<div class=\"wp-block-column is-layout-flow wp-block-column-is-layout-flow\" style=\"flex-basis:33.33%\">\n<p class=\"has-dm-sans-font-family\" style=\"font-size:0.8rem\"><\/p>\n<\/div>\n\n\n\n<div class=\"wp-block-column is-layout-flow wp-block-column-is-layout-flow\" style=\"flex-basis:66.66%\">\n<p class=\"has-dm-sans-font-family\" style=\"font-size:0.8rem\"><strong>Und jetzt?! \u2013 eine partizipative Theaterserie <\/strong>\/<strong> <\/strong>k\u00fcnstlerische Co. \u2013 Leitung und Spiel \/ uantuzten theaterkollektiv \/ Theater PurPur Z\u00fcrich<\/p>\n\n\n\n<p class=\"has-dm-sans-font-family\" style=\"font-size:0.8rem\"><strong>A Call From Alice <\/strong>\/<strong> <\/strong>B\u00fchne und Licht \/ Master Diplomprojekt von<br>Theresa Ihrler \/ Theater der K\u00fcnste B\u00fchne A<\/p>\n<\/div>\n<\/div>\n\n\n\n<div class=\"wp-block-columns is-layout-flex wp-container-core-columns-is-layout-12 wp-block-columns-is-layout-flex\">\n<div class=\"wp-block-column is-layout-flow wp-block-column-is-layout-flow\" style=\"flex-basis:33.33%\">\n<p class=\"has-dm-sans-font-family\" style=\"font-size:0.8rem\">2022<\/p>\n<\/div>\n\n\n\n<div class=\"wp-block-column is-layout-flow wp-block-column-is-layout-flow\" style=\"flex-basis:66.66%\">\n<p class=\"has-dm-sans-font-family\" style=\"font-size:0.8rem\"><strong>die for life <\/strong>\/ Ausstattungsassistenz \/ Anca Munteanu Rimnic \/<br>Theater Neumarkt<\/p>\n\n\n\n<p class=\"has-dm-sans-font-family\" style=\"font-size:0.8rem\"><strong>WALD <\/strong>\/ B\u00fchnenaufbau \/ Diana Rojas-Feile \/ Kunsthalle Emden <\/p>\n<\/div>\n<\/div>\n\n\n\n<div class=\"wp-block-columns is-layout-flex wp-container-core-columns-is-layout-13 wp-block-columns-is-layout-flex\">\n<div class=\"wp-block-column is-layout-flow wp-block-column-is-layout-flow\" style=\"flex-basis:33.33%\">\n<p class=\"has-dm-sans-font-family\" style=\"font-size:0.8rem\"><\/p>\n<\/div>\n\n\n\n<div class=\"wp-block-column is-layout-flow wp-block-column-is-layout-flow\" style=\"flex-basis:66.66%\">\n<p class=\"has-dm-sans-font-family\" style=\"font-size:0.8rem\"><strong>Wetlands <\/strong>\/ Kost\u00fcm und szenografische Unterst\u00fctzung \/ <br>Master Diplomprojekt von Janna Rottmann und Stefanie Steffen \/ <br>Theater der K\u00fcnste B\u00fchne A<\/p>\n<\/div>\n<\/div>\n\n\n\n<div class=\"wp-block-columns is-layout-flex wp-container-core-columns-is-layout-14 wp-block-columns-is-layout-flex\">\n<div class=\"wp-block-column is-layout-flow wp-block-column-is-layout-flow\" style=\"flex-basis:33.33%\">\n<p class=\"has-dm-sans-font-family\" style=\"font-size:0.8rem\"><\/p>\n<\/div>\n\n\n\n<div class=\"wp-block-column is-layout-flow wp-block-column-is-layout-flow\" style=\"flex-basis:66.66%\">\n<p class=\"has-dm-sans-font-family\" style=\"font-size:0.8rem\"><strong>Was w\u00f6ttsch?! <\/strong>\/ k\u00fcnstlerische Co.\u2009\u2013\u2009Leitung und Spiel \/ <br>uantuzten theaterkollektiv \/ Gastspiel Theater PurPur Z\u00fcrich und<br>Teatro dalla Piazza Dielsdorf<\/p>\n<\/div>\n<\/div>\n\n\n\n<div class=\"wp-block-columns is-layout-flex wp-container-core-columns-is-layout-15 wp-block-columns-is-layout-flex\">\n<div class=\"wp-block-column is-layout-flow wp-block-column-is-layout-flow\" style=\"flex-basis:33.33%\">\n<p class=\"has-dm-sans-font-family\" style=\"font-size:0.8rem\">2021<\/p>\n<\/div>\n\n\n\n<div class=\"wp-block-column is-layout-flow wp-block-column-is-layout-flow\" style=\"flex-basis:66.66%\">\n<p class=\"has-dm-sans-font-family\" style=\"font-size:0.8rem\"><strong>Mater Dolorosa Bleed <\/strong>\/ Ausstattungsassistenz \/ The Agency \/ <br>Theater Neumarkt \/ 2022 Gastspiel FFT D\u00fcsseldorf<\/p>\n<\/div>\n<\/div>\n\n\n\n<div class=\"wp-block-columns is-layout-flex wp-container-core-columns-is-layout-16 wp-block-columns-is-layout-flex\">\n<div class=\"wp-block-column is-layout-flow wp-block-column-is-layout-flow\" style=\"flex-basis:33.33%\">\n<p class=\"has-dm-sans-font-family\" style=\"font-size:0.8rem\"><\/p>\n<\/div>\n\n\n\n<div class=\"wp-block-column is-layout-flow wp-block-column-is-layout-flow\" style=\"flex-basis:66.66%\">\n<p class=\"has-dm-sans-font-family\" style=\"font-size:0.8rem\"><strong>Fuga Futura<\/strong>\/ Licht und B\u00fchne \/ Livia Rita \/ Videodreh im Immersive Arts Space (ZHdK) und Performance in der Roten Fabrik Z\u00fcrich<\/p>\n<\/div>\n<\/div>\n\n\n\n<div class=\"wp-block-columns is-layout-flex wp-container-core-columns-is-layout-17 wp-block-columns-is-layout-flex\">\n<div class=\"wp-block-column is-layout-flow wp-block-column-is-layout-flow\" style=\"flex-basis:33.33%\">\n<p class=\"has-dm-sans-font-family\" style=\"font-size:0.8rem\"><\/p>\n<\/div>\n\n\n\n<div class=\"wp-block-column is-layout-flow wp-block-column-is-layout-flow\" style=\"flex-basis:66.66%\">\n<p class=\"has-dm-sans-font-family\" style=\"font-size:0.8rem\"><strong>Was w\u00f6ttsch?! <\/strong>\/ k\u00fcnstlerische Co.\u2009\u2013\u2009Leitung und Spiel \/ <br>uantuzten theaterkollektiv \/ Schulauff\u00fchrungen Region Z\u00fcrich und \u00f6ffentliche Auff\u00fchrung im Quartiertreff Enge \/<br>Gastspiel Kleinlaut Festival in Riniken bei Brugg (AG)<\/p>\n<\/div>\n<\/div>\n\n\n\n<div class=\"wp-block-columns is-layout-flex wp-container-core-columns-is-layout-18 wp-block-columns-is-layout-flex\">\n<div class=\"wp-block-column is-layout-flow wp-block-column-is-layout-flow\" style=\"flex-basis:33.33%\">\n<p class=\"has-dm-sans-font-family\" style=\"font-size:0.8rem\">2020<\/p>\n<\/div>\n\n\n\n<div class=\"wp-block-column is-layout-flow wp-block-column-is-layout-flow\" style=\"flex-basis:66.66%\">\n<p class=\"has-dm-sans-font-family\" style=\"font-size:0.8rem\"><strong>Eine Woche voller Samstage <\/strong>\/ B\u00fchne und Kost\u00fcm \/ Simon Keller B\u00fchne Thurtal \/ Tonhalle Wil<\/p>\n<\/div>\n<\/div>\n\n\n\n<div class=\"wp-block-columns is-layout-flex wp-container-core-columns-is-layout-19 wp-block-columns-is-layout-flex\">\n<div class=\"wp-block-column is-layout-flow wp-block-column-is-layout-flow\" style=\"flex-basis:33.33%\">\n<p class=\"has-dm-sans-font-family\" style=\"font-size:0.8rem\"><\/p>\n<\/div>\n\n\n\n<div class=\"wp-block-column is-layout-flow wp-block-column-is-layout-flow\" style=\"flex-basis:66.66%\">\n<p class=\"has-dm-sans-font-family\" style=\"font-size:0.8rem\"><strong>Tableaux d&#8217;une eco-position <\/strong>\/ B\u00fchne und Licht \/ 3malOtter \/ Kirchgemeindehaus Liebesstrasse Winterthur \/ Halle de Chandoline Sion \/ Blue Factory Fribourg<\/p>\n<\/div>\n<\/div>\n\n\n\n<div class=\"wp-block-columns is-layout-flex wp-container-core-columns-is-layout-20 wp-block-columns-is-layout-flex\">\n<div class=\"wp-block-column is-layout-flow wp-block-column-is-layout-flow\" style=\"flex-basis:33.33%\">\n<p class=\"has-dm-sans-font-family\" style=\"font-size:0.8rem\"><\/p>\n<\/div>\n\n\n\n<div class=\"wp-block-column is-layout-flow wp-block-column-is-layout-flow\" style=\"flex-basis:66.66%\">\n<p class=\"has-dm-sans-font-family\" style=\"font-size:0.8rem\"><strong>Zombie TV <\/strong>\/ Szenografieassistenz \/ Bronfen, Weber, Rickenbach, B\u00f6hmer &amp; Huber \/ Theaterspektakel Z\u00fcrich<\/p>\n<\/div>\n<\/div>\n\n\n\n<div class=\"wp-block-columns is-layout-flex wp-container-core-columns-is-layout-21 wp-block-columns-is-layout-flex\">\n<div class=\"wp-block-column is-layout-flow wp-block-column-is-layout-flow\" style=\"flex-basis:33.33%\">\n<p class=\"has-dm-sans-font-family\" style=\"font-size:0.8rem\"><\/p>\n<\/div>\n\n\n\n<div class=\"wp-block-column is-layout-flow wp-block-column-is-layout-flow\" style=\"flex-basis:66.66%\">\n<p class=\"has-dm-sans-font-family\" style=\"font-size:0.8rem\"><strong>Der Prozess <\/strong>\/ B\u00fchnenbildassistenz \/ Jonas Knecht \/ Theater St.Gallen<\/p>\n<\/div>\n<\/div>\n\n\n\n<div class=\"wp-block-columns is-layout-flex wp-container-core-columns-is-layout-22 wp-block-columns-is-layout-flex\">\n<div class=\"wp-block-column is-layout-flow wp-block-column-is-layout-flow\" style=\"flex-basis:33.33%\">\n<p class=\"has-dm-sans-font-family\" style=\"font-size:0.8rem\">2019<\/p>\n<\/div>\n\n\n\n<div class=\"wp-block-column is-layout-flow wp-block-column-is-layout-flow\" style=\"flex-basis:66.66%\">\n<p class=\"has-dm-sans-font-family\" style=\"font-size:0.8rem\"><strong>Fischer Architekten AG <\/strong>\/ Zeichnerin Fachrichtung Architektur 40%<\/p>\n<\/div>\n<\/div>\n\n\n\n<div class=\"wp-block-columns is-layout-flex wp-container-core-columns-is-layout-23 wp-block-columns-is-layout-flex\">\n<div class=\"wp-block-column is-layout-flow wp-block-column-is-layout-flow\" style=\"flex-basis:33.33%\">\n<p class=\"has-dm-sans-font-family\" style=\"font-size:0.8rem\">2017 \u2013 2018<\/p>\n<\/div>\n\n\n\n<div class=\"wp-block-column is-layout-flow wp-block-column-is-layout-flow\" style=\"flex-basis:66.66%\">\n<p class=\"has-dm-sans-font-family\" style=\"font-size:0.8rem\"><strong>bk architektur gmbh<\/strong>\/ Zeichnerin Fachrichtung Architektur<\/p>\n<\/div>\n<\/div>\n\n\n\n<hr class=\"wp-block-separator has-alpha-channel-opacity\"\/>\n\n\n\n<p class=\"has-dm-sans-font-family has-small-font-size\">Ausbildung<\/p>\n\n\n\n<div class=\"wp-block-columns is-layout-flex wp-container-core-columns-is-layout-24 wp-block-columns-is-layout-flex\">\n<div class=\"wp-block-column is-layout-flow wp-block-column-is-layout-flow\" style=\"flex-basis:33.33%\">\n<p class=\"has-dm-sans-font-family\" style=\"font-size:0.8rem\">2018 \u2013 2023<\/p>\n<\/div>\n\n\n\n<div class=\"wp-block-column is-layout-flow wp-block-column-is-layout-flow\" style=\"flex-basis:66.66%\">\n<p class=\"has-dm-sans-font-family\" style=\"font-size:0.8rem\"><strong>Z\u00fcrcher Hochschule der K\u00fcnste <\/strong>\/ Bachelor of Arts <br>Theater B\u00fchnenbild <\/p>\n<\/div>\n<\/div>\n\n\n\n<div class=\"wp-block-columns is-layout-flex wp-container-core-columns-is-layout-25 wp-block-columns-is-layout-flex\">\n<div class=\"wp-block-column is-layout-flow wp-block-column-is-layout-flow\" style=\"flex-basis:33.33%\">\n<p class=\"has-dm-sans-font-family\" style=\"font-size:0.8rem\">2021<\/p>\n<\/div>\n\n\n\n<div class=\"wp-block-column is-layout-flow wp-block-column-is-layout-flow\" style=\"flex-basis:66.66%\">\n<p class=\"has-dm-sans-font-family\" style=\"font-size:0.8rem\"><strong>The School of Visual Theatre Jerusalem <\/strong>\/ Austauschsemester<\/p>\n<\/div>\n<\/div>\n\n\n\n<div class=\"wp-block-columns is-layout-flex wp-container-core-columns-is-layout-26 wp-block-columns-is-layout-flex\">\n<div class=\"wp-block-column is-layout-flow wp-block-column-is-layout-flow\" style=\"flex-basis:33.33%\">\n<p class=\"has-dm-sans-font-family\" style=\"font-size:0.8rem\">2016 \u2013 2017<\/p>\n<\/div>\n\n\n\n<div class=\"wp-block-column is-layout-flow wp-block-column-is-layout-flow\" style=\"flex-basis:66.66%\">\n<p class=\"has-dm-sans-font-family\" style=\"font-size:0.8rem\"><strong>GBS St.Gallen <\/strong>\/ Berufsmaturit\u00e4t Fachrichtung Gestaltung<\/p>\n<\/div>\n<\/div>\n\n\n\n<div class=\"wp-block-columns is-layout-flex wp-container-core-columns-is-layout-27 wp-block-columns-is-layout-flex\">\n<div class=\"wp-block-column is-layout-flow wp-block-column-is-layout-flow\" style=\"flex-basis:33.33%\">\n<p class=\"has-dm-sans-font-family\" style=\"font-size:0.8rem\">2012 \u2013 2016<\/p>\n<\/div>\n\n\n\n<div class=\"wp-block-column is-layout-flow wp-block-column-is-layout-flow\" style=\"flex-basis:66.66%\">\n<p class=\"has-dm-sans-font-family\" style=\"font-size:0.8rem\"><strong> HAB AG <\/strong>\/ Berufsausbildung EFZ, Zeichnerin Fachrichtung Architektur <\/p>\n<\/div>\n<\/div>\n","protected":false},"excerpt":{"rendered":"<p>VITA 2025 Heidi \/ Ausstattungsassistenz \/ Lena Reissner \/ Theater Neumarkt 2024 What&#8217;s next_Compass 24\/25 \/ Teilnehmerin \/ Z-Kubator der Z\u00fcrcher Hochschule der K\u00fcnste (ZHdK) Gloria \/ Ausstattungsassistenz \/ Gosia Wdowik \/ Theater Neumarkt Hypernoia \u2013 Eine Gegenrealit\u00e4t \/ Gastspiel Spiilpl\u00e4tz Festival 2024 \/ Schiffbau Box, Schauspielhaus Z\u00fcrich Bis das b\u00f6se Einhorn tanzt \/ Ausstattung, [&hellip;]<\/p>\n","protected":false},"author":1,"featured_media":0,"parent":0,"menu_order":0,"comment_status":"closed","ping_status":"closed","template":"","meta":{"footnotes":""},"class_list":["post-325","page","type-page","status-publish","hentry"],"_links":{"self":[{"href":"https:\/\/janabraendle.ch\/index.php?rest_route=\/wp\/v2\/pages\/325","targetHints":{"allow":["GET"]}}],"collection":[{"href":"https:\/\/janabraendle.ch\/index.php?rest_route=\/wp\/v2\/pages"}],"about":[{"href":"https:\/\/janabraendle.ch\/index.php?rest_route=\/wp\/v2\/types\/page"}],"author":[{"embeddable":true,"href":"https:\/\/janabraendle.ch\/index.php?rest_route=\/wp\/v2\/users\/1"}],"replies":[{"embeddable":true,"href":"https:\/\/janabraendle.ch\/index.php?rest_route=%2Fwp%2Fv2%2Fcomments&post=325"}],"version-history":[{"count":14,"href":"https:\/\/janabraendle.ch\/index.php?rest_route=\/wp\/v2\/pages\/325\/revisions"}],"predecessor-version":[{"id":440,"href":"https:\/\/janabraendle.ch\/index.php?rest_route=\/wp\/v2\/pages\/325\/revisions\/440"}],"wp:attachment":[{"href":"https:\/\/janabraendle.ch\/index.php?rest_route=%2Fwp%2Fv2%2Fmedia&parent=325"}],"curies":[{"name":"wp","href":"https:\/\/api.w.org\/{rel}","templated":true}]}}