{"id":306,"date":"2023-06-05T06:40:03","date_gmt":"2023-06-05T06:40:03","guid":{"rendered":"https:\/\/janabraendle.ch\/?page_id=306"},"modified":"2023-06-05T08:05:45","modified_gmt":"2023-06-05T08:05:45","slug":"306-2","status":"publish","type":"page","link":"https:\/\/janabraendle.ch\/?page_id=306","title":{"rendered":""},"content":{"rendered":"\n<p class=\"has-dm-sans-font-family has-medium-font-size\"><strong>A CALL FROM ALICE<\/strong><br>Diplomproduktion Master Theater, Schauspiel<\/p>\n\n\n\n<hr class=\"wp-block-separator has-alpha-channel-opacity\"\/>\n\n\n\n<p class=\"has-dm-sans-font-family has-small-font-size\">13.01 \/ 14.01. \/ 15.01.2023<br>B\u00fchne A, Theater der K\u00fcnste, Z\u00fcrich<\/p>\n\n\n\n<p class=\"has-dm-sans-font-family has-small-font-size\">K\u00fcnstlerische Leitung: <strong>Theresa Ihrler<\/strong><br>B\u00fchne und Licht: <strong>Jana Br\u00e4ndle<\/strong><br>Konzept und Performance: <strong>Caroline Baptiston Calsone, Theresa Ihrler, Gabriel Fidelis Martins, Stefanie Steffen und Beatriz Silveira Valle Torres <\/strong><br>Musik: <strong>Phillip Ateesa<\/strong><br>Dramaturgie: <strong>David Bircher<\/strong><br>Outside-Eye: <strong>Yue Cao<\/strong>, <strong>Alicia Aum\u00fcller<\/strong><br>Mentorat: <strong>Benjamin Burger<\/strong><br>Technik: <b>Sergej Tratar Baamonde, Florin Elmer, Ivano Tiziani, Dominik Fedier, Dietrich Furer, Lukas Keller, Carlo Raselli, Matthias R\u00f6hm<\/b><\/p>\n\n\n\n<figure class=\"wp-block-image size-large\"><img loading=\"lazy\" decoding=\"async\" width=\"1024\" height=\"683\" src=\"https:\/\/janabraendle.ch\/wp-content\/uploads\/2023\/05\/52661379154_84c8705302_k-1024x683.jpg\" alt=\"\" class=\"wp-image-307\" srcset=\"https:\/\/janabraendle.ch\/wp-content\/uploads\/2023\/05\/52661379154_84c8705302_k-1024x683.jpg 1024w, https:\/\/janabraendle.ch\/wp-content\/uploads\/2023\/05\/52661379154_84c8705302_k-300x200.jpg 300w, https:\/\/janabraendle.ch\/wp-content\/uploads\/2023\/05\/52661379154_84c8705302_k-768x512.jpg 768w, https:\/\/janabraendle.ch\/wp-content\/uploads\/2023\/05\/52661379154_84c8705302_k-1536x1024.jpg 1536w, https:\/\/janabraendle.ch\/wp-content\/uploads\/2023\/05\/52661379154_84c8705302_k.jpg 2048w\" sizes=\"auto, (max-width: 1024px) 100vw, 1024px\" \/><\/figure>\n\n\n\n<p class=\"has-dm-sans-font-family has-small-font-size\">\u00a9 <em>Regula Bearth<\/em><\/p>\n\n\n\n<p class=\"has-dm-sans-font-family has-small-font-size\"><em><strong>I&#8217;m not strange, weird, off, nor crazy, my reality is just different from yours. <\/strong><\/em><br><em>Alice in the wonderland<\/em><br><br>Ein Drittel unseres Lebens verbringen wir mit schlafen und tr\u00e4umen. Was erleben wir in dieser Zeit? In welchen Realit\u00e4ten befinden wir uns? Was ist Realit\u00e4t? <br>Eine internationale Gruppe von Theaterk\u00fcnstler*innen und Musiker*innen aus der Schweiz, Brasilien, China, Uganda und Deutschland besch\u00e4ftigte sich mit dem Thema Tr\u00e4ume und Schlaf. Diese Inszenierung basiert auf ihrer zweij\u00e4hrigen Recherche und Dokumentation \u00fcber das Thema der Tr\u00e4ume. Performance, Film, Literatur und Live-Musik versammeln sich hier und er\u00f6ffnen das Universum der Tr\u00e4ume. Sie laden Dich auf eine surrealistische Reise in Dein Unterbewusstsein ein, in die verborgene, grenzenlose Welt. Eine Erinnerung daran, dass die F\u00e4higkeit der Vorstellungskraft in jedem K\u00f6rper verborgen liegt. <\/p>\n\n\n\n<figure class=\"wp-block-image size-large\"><img loading=\"lazy\" decoding=\"async\" width=\"1024\" height=\"683\" src=\"https:\/\/janabraendle.ch\/wp-content\/uploads\/2023\/06\/52660597167_95685829a1_k-1024x683.jpg\" alt=\"\" class=\"wp-image-342\" srcset=\"https:\/\/janabraendle.ch\/wp-content\/uploads\/2023\/06\/52660597167_95685829a1_k-1024x683.jpg 1024w, https:\/\/janabraendle.ch\/wp-content\/uploads\/2023\/06\/52660597167_95685829a1_k-300x200.jpg 300w, https:\/\/janabraendle.ch\/wp-content\/uploads\/2023\/06\/52660597167_95685829a1_k-768x512.jpg 768w, https:\/\/janabraendle.ch\/wp-content\/uploads\/2023\/06\/52660597167_95685829a1_k-1536x1024.jpg 1536w, https:\/\/janabraendle.ch\/wp-content\/uploads\/2023\/06\/52660597167_95685829a1_k.jpg 2048w\" sizes=\"auto, (max-width: 1024px) 100vw, 1024px\" \/><\/figure>\n\n\n\n<figure class=\"wp-block-gallery has-nested-images columns-default is-cropped wp-block-gallery-1 is-layout-flex wp-block-gallery-is-layout-flex\">\n<figure class=\"wp-block-image size-large\"><img loading=\"lazy\" decoding=\"async\" width=\"683\" height=\"1024\" data-id=\"348\" src=\"https:\/\/janabraendle.ch\/wp-content\/uploads\/2023\/06\/52661588203_0be184adc5_k-683x1024.jpg\" alt=\"\" class=\"wp-image-348\" srcset=\"https:\/\/janabraendle.ch\/wp-content\/uploads\/2023\/06\/52661588203_0be184adc5_k-683x1024.jpg 683w, https:\/\/janabraendle.ch\/wp-content\/uploads\/2023\/06\/52661588203_0be184adc5_k-200x300.jpg 200w, https:\/\/janabraendle.ch\/wp-content\/uploads\/2023\/06\/52661588203_0be184adc5_k-768x1152.jpg 768w, https:\/\/janabraendle.ch\/wp-content\/uploads\/2023\/06\/52661588203_0be184adc5_k-1024x1536.jpg 1024w, https:\/\/janabraendle.ch\/wp-content\/uploads\/2023\/06\/52661588203_0be184adc5_k.jpg 1365w\" sizes=\"auto, (max-width: 683px) 100vw, 683px\" \/><\/figure>\n\n\n\n<figure class=\"wp-block-image size-large\"><img loading=\"lazy\" decoding=\"async\" width=\"683\" height=\"1024\" data-id=\"343\" src=\"https:\/\/janabraendle.ch\/wp-content\/uploads\/2023\/06\/52661096526_9781b5329a_k-683x1024.jpg\" alt=\"\" class=\"wp-image-343\" srcset=\"https:\/\/janabraendle.ch\/wp-content\/uploads\/2023\/06\/52661096526_9781b5329a_k-683x1024.jpg 683w, https:\/\/janabraendle.ch\/wp-content\/uploads\/2023\/06\/52661096526_9781b5329a_k-200x300.jpg 200w, https:\/\/janabraendle.ch\/wp-content\/uploads\/2023\/06\/52661096526_9781b5329a_k-768x1152.jpg 768w, https:\/\/janabraendle.ch\/wp-content\/uploads\/2023\/06\/52661096526_9781b5329a_k-1024x1536.jpg 1024w, https:\/\/janabraendle.ch\/wp-content\/uploads\/2023\/06\/52661096526_9781b5329a_k.jpg 1365w\" sizes=\"auto, (max-width: 683px) 100vw, 683px\" \/><\/figure>\n\n\n\n<figure class=\"wp-block-image size-large\"><img loading=\"lazy\" decoding=\"async\" width=\"683\" height=\"1024\" data-id=\"351\" src=\"https:\/\/janabraendle.ch\/wp-content\/uploads\/2023\/06\/52661540235_a393bd9c75_k-683x1024.jpg\" alt=\"\" class=\"wp-image-351\" srcset=\"https:\/\/janabraendle.ch\/wp-content\/uploads\/2023\/06\/52661540235_a393bd9c75_k-683x1024.jpg 683w, https:\/\/janabraendle.ch\/wp-content\/uploads\/2023\/06\/52661540235_a393bd9c75_k-200x300.jpg 200w, https:\/\/janabraendle.ch\/wp-content\/uploads\/2023\/06\/52661540235_a393bd9c75_k-768x1152.jpg 768w, https:\/\/janabraendle.ch\/wp-content\/uploads\/2023\/06\/52661540235_a393bd9c75_k-1024x1536.jpg 1024w, https:\/\/janabraendle.ch\/wp-content\/uploads\/2023\/06\/52661540235_a393bd9c75_k.jpg 1365w\" sizes=\"auto, (max-width: 683px) 100vw, 683px\" \/><\/figure>\n\n\n\n<figure class=\"wp-block-image size-large\"><img loading=\"lazy\" decoding=\"async\" width=\"683\" height=\"1024\" data-id=\"352\" src=\"https:\/\/janabraendle.ch\/wp-content\/uploads\/2023\/06\/52661540575_06dde3a598_k-683x1024.jpg\" alt=\"\" class=\"wp-image-352\" srcset=\"https:\/\/janabraendle.ch\/wp-content\/uploads\/2023\/06\/52661540575_06dde3a598_k-683x1024.jpg 683w, https:\/\/janabraendle.ch\/wp-content\/uploads\/2023\/06\/52661540575_06dde3a598_k-200x300.jpg 200w, https:\/\/janabraendle.ch\/wp-content\/uploads\/2023\/06\/52661540575_06dde3a598_k-768x1152.jpg 768w, https:\/\/janabraendle.ch\/wp-content\/uploads\/2023\/06\/52661540575_06dde3a598_k-1024x1536.jpg 1024w, https:\/\/janabraendle.ch\/wp-content\/uploads\/2023\/06\/52661540575_06dde3a598_k.jpg 1365w\" sizes=\"auto, (max-width: 683px) 100vw, 683px\" \/><\/figure>\n\n\n\n<figure class=\"wp-block-image size-large\"><img loading=\"lazy\" decoding=\"async\" width=\"683\" height=\"1024\" data-id=\"346\" src=\"https:\/\/janabraendle.ch\/wp-content\/uploads\/2023\/06\/52661381504_f7b5f99251_k-683x1024.jpg\" alt=\"\" class=\"wp-image-346\" srcset=\"https:\/\/janabraendle.ch\/wp-content\/uploads\/2023\/06\/52661381504_f7b5f99251_k-683x1024.jpg 683w, https:\/\/janabraendle.ch\/wp-content\/uploads\/2023\/06\/52661381504_f7b5f99251_k-200x300.jpg 200w, https:\/\/janabraendle.ch\/wp-content\/uploads\/2023\/06\/52661381504_f7b5f99251_k-768x1152.jpg 768w, https:\/\/janabraendle.ch\/wp-content\/uploads\/2023\/06\/52661381504_f7b5f99251_k-1024x1536.jpg 1024w, https:\/\/janabraendle.ch\/wp-content\/uploads\/2023\/06\/52661381504_f7b5f99251_k.jpg 1365w\" sizes=\"auto, (max-width: 683px) 100vw, 683px\" \/><\/figure>\n\n\n\n<figure class=\"wp-block-image size-large\"><img loading=\"lazy\" decoding=\"async\" width=\"683\" height=\"1024\" data-id=\"345\" src=\"https:\/\/janabraendle.ch\/wp-content\/uploads\/2023\/06\/52661380524_9fcff81d8f_k-683x1024.jpg\" alt=\"\" class=\"wp-image-345\" srcset=\"https:\/\/janabraendle.ch\/wp-content\/uploads\/2023\/06\/52661380524_9fcff81d8f_k-683x1024.jpg 683w, https:\/\/janabraendle.ch\/wp-content\/uploads\/2023\/06\/52661380524_9fcff81d8f_k-200x300.jpg 200w, https:\/\/janabraendle.ch\/wp-content\/uploads\/2023\/06\/52661380524_9fcff81d8f_k-768x1152.jpg 768w, https:\/\/janabraendle.ch\/wp-content\/uploads\/2023\/06\/52661380524_9fcff81d8f_k-1024x1536.jpg 1024w, https:\/\/janabraendle.ch\/wp-content\/uploads\/2023\/06\/52661380524_9fcff81d8f_k.jpg 1365w\" sizes=\"auto, (max-width: 683px) 100vw, 683px\" \/><\/figure>\n<\/figure>\n\n\n\n<figure class=\"wp-block-image size-large\"><img loading=\"lazy\" decoding=\"async\" width=\"1024\" height=\"683\" src=\"https:\/\/janabraendle.ch\/wp-content\/uploads\/2023\/06\/52661539290_02ff11809b_k-1024x683.jpg\" alt=\"\" class=\"wp-image-350\" srcset=\"https:\/\/janabraendle.ch\/wp-content\/uploads\/2023\/06\/52661539290_02ff11809b_k-1024x683.jpg 1024w, https:\/\/janabraendle.ch\/wp-content\/uploads\/2023\/06\/52661539290_02ff11809b_k-300x200.jpg 300w, https:\/\/janabraendle.ch\/wp-content\/uploads\/2023\/06\/52661539290_02ff11809b_k-768x512.jpg 768w, https:\/\/janabraendle.ch\/wp-content\/uploads\/2023\/06\/52661539290_02ff11809b_k-1536x1024.jpg 1536w, https:\/\/janabraendle.ch\/wp-content\/uploads\/2023\/06\/52661539290_02ff11809b_k.jpg 2048w\" sizes=\"auto, (max-width: 1024px) 100vw, 1024px\" \/><\/figure>\n\n\n\n<p class=\"has-dm-sans-font-family has-small-font-size\">\u00a9<em> <em>Regula Bearth<\/em><\/em><\/p>\n","protected":false},"excerpt":{"rendered":"<p>A CALL FROM ALICEDiplomproduktion Master Theater, Schauspiel 13.01 \/ 14.01. \/ 15.01.2023B\u00fchne A, Theater der K\u00fcnste, Z\u00fcrich K\u00fcnstlerische Leitung: Theresa IhrlerB\u00fchne und Licht: Jana Br\u00e4ndleKonzept und Performance: Caroline Baptiston Calsone, Theresa Ihrler, Gabriel Fidelis Martins, Stefanie Steffen und Beatriz Silveira Valle Torres Musik: Phillip AteesaDramaturgie: David BircherOutside-Eye: Yue Cao, Alicia Aum\u00fcllerMentorat: Benjamin BurgerTechnik: Sergej Tratar [&hellip;]<\/p>\n","protected":false},"author":1,"featured_media":0,"parent":0,"menu_order":0,"comment_status":"closed","ping_status":"closed","template":"","meta":{"footnotes":""},"class_list":["post-306","page","type-page","status-publish","hentry"],"_links":{"self":[{"href":"https:\/\/janabraendle.ch\/index.php?rest_route=\/wp\/v2\/pages\/306","targetHints":{"allow":["GET"]}}],"collection":[{"href":"https:\/\/janabraendle.ch\/index.php?rest_route=\/wp\/v2\/pages"}],"about":[{"href":"https:\/\/janabraendle.ch\/index.php?rest_route=\/wp\/v2\/types\/page"}],"author":[{"embeddable":true,"href":"https:\/\/janabraendle.ch\/index.php?rest_route=\/wp\/v2\/users\/1"}],"replies":[{"embeddable":true,"href":"https:\/\/janabraendle.ch\/index.php?rest_route=%2Fwp%2Fv2%2Fcomments&post=306"}],"version-history":[{"count":4,"href":"https:\/\/janabraendle.ch\/index.php?rest_route=\/wp\/v2\/pages\/306\/revisions"}],"predecessor-version":[{"id":353,"href":"https:\/\/janabraendle.ch\/index.php?rest_route=\/wp\/v2\/pages\/306\/revisions\/353"}],"wp:attachment":[{"href":"https:\/\/janabraendle.ch\/index.php?rest_route=%2Fwp%2Fv2%2Fmedia&parent=306"}],"curies":[{"name":"wp","href":"https:\/\/api.w.org\/{rel}","templated":true}]}}