{"id":288,"date":"2023-05-22T17:28:38","date_gmt":"2023-05-22T17:28:38","guid":{"rendered":"https:\/\/janabraendle.ch\/?page_id=288"},"modified":"2023-05-22T17:28:38","modified_gmt":"2023-05-22T17:28:38","slug":"288-2","status":"publish","type":"page","link":"https:\/\/janabraendle.ch\/?page_id=288","title":{"rendered":""},"content":{"rendered":"\n<p class=\"has-dm-sans-font-family has-medium-font-size\"><strong>TREIBHAUS ODER ST\u00d6HN DICH ZU SEHEN<\/strong><br>Ein (uner)h\u00f6r(t)spiel<\/p>\n\n\n\n<hr class=\"wp-block-separator has-alpha-channel-opacity\"\/>\n\n\n\n<p class=\"has-dm-sans-font-family has-small-font-size\">13. &#8211; 15.05.2021<br>Chorgasse, Theater Neumarkt<\/p>\n\n\n\n<p class=\"has-dm-sans-font-family has-small-font-size\">Konzept, Text und Regie: <strong>Nina Balmer, Stefanie Steffen und<\/strong> <strong>Jana Br\u00e4ndle<\/strong><br>Stimmen: <strong>Edith Kaupp Rivadeneira, Leonardo Raab,<\/strong><br><strong>Janna Antonia Rottmann,<\/strong> <strong>Stefanie Steffen<\/strong><br>Soundtechnik: <strong>Salomon Baumgartner<\/strong><\/p>\n\n\n\n<figure class=\"wp-block-image size-large\"><img loading=\"lazy\" decoding=\"async\" width=\"1024\" height=\"683\" src=\"https:\/\/janabraendle.ch\/wp-content\/uploads\/2023\/05\/ABC5437-1024x683.jpg\" alt=\"\" class=\"wp-image-291\" srcset=\"https:\/\/janabraendle.ch\/wp-content\/uploads\/2023\/05\/ABC5437-1024x683.jpg 1024w, https:\/\/janabraendle.ch\/wp-content\/uploads\/2023\/05\/ABC5437-300x200.jpg 300w, https:\/\/janabraendle.ch\/wp-content\/uploads\/2023\/05\/ABC5437-768x512.jpg 768w, https:\/\/janabraendle.ch\/wp-content\/uploads\/2023\/05\/ABC5437-1536x1024.jpg 1536w, https:\/\/janabraendle.ch\/wp-content\/uploads\/2023\/05\/ABC5437-2048x1365.jpg 2048w\" sizes=\"auto, (max-width: 1024px) 100vw, 1024px\" \/><\/figure>\n\n\n\n<p class=\"has-dm-sans-font-family has-small-font-size\"><em>\u00a9 Johannes Dietschi<\/em><\/p>\n\n\n\n<p class=\"has-dm-sans-font-family has-small-font-size\">Das Gef\u00fchl, wenn die F\u00fcsse \u00fcber der Bettkante schweben. Der Abgrund der Menschen kann ein sch\u00f6ner sein. Wir haben gute Abgr\u00fcnde f\u00fcr alles, tiefe ist sch\u00f6n. Der Teddy m\u00f6chte auch gestreichelt werden.<br>Was passiert: dirty talk wird ad absurdum gef\u00fchrt und wir reiben uns aneinander. Und an der Welt, in der wir\u00a0leben.<br><br><strong>TREIBHAUS ODER ST\u00d6HN DICH ZU SEHEN <\/strong>ist eines von vier H\u00f6rspielen das f\u00fcr <em><strong>know you enemy<\/strong>, <\/em>eine begehbare Audio- und H\u00f6rspielinstallationen, am Theater Neumarkt produziert wurde. <\/p>\n\n\n\n<div class=\"wp-block-buttons is-layout-flex wp-block-buttons-is-layout-flex\">\n<div class=\"wp-block-button has-custom-width wp-block-button__width-100 has-custom-font-size has-dm-sans-font-family has-small-font-size\"><a class=\"wp-block-button__link has-custom-farbe-1-color has-text-color wp-element-button\" href=\"https:\/\/www.theaterneumarkt.ch\/mediathek\/know-your-enemy\/\" target=\"_blank\" rel=\"noreferrer noopener\"><strong>zum H\u00f6rspiel<\/strong><\/a><\/div>\n<\/div>\n\n\n\n<figure class=\"wp-block-image size-large\"><img loading=\"lazy\" decoding=\"async\" width=\"1024\" height=\"683\" src=\"https:\/\/janabraendle.ch\/wp-content\/uploads\/2023\/05\/ABC5398-1-1024x683.jpg\" alt=\"\" class=\"wp-image-289\" srcset=\"https:\/\/janabraendle.ch\/wp-content\/uploads\/2023\/05\/ABC5398-1-1024x683.jpg 1024w, https:\/\/janabraendle.ch\/wp-content\/uploads\/2023\/05\/ABC5398-1-300x200.jpg 300w, https:\/\/janabraendle.ch\/wp-content\/uploads\/2023\/05\/ABC5398-1-768x512.jpg 768w, https:\/\/janabraendle.ch\/wp-content\/uploads\/2023\/05\/ABC5398-1-1536x1024.jpg 1536w, https:\/\/janabraendle.ch\/wp-content\/uploads\/2023\/05\/ABC5398-1-2048x1365.jpg 2048w\" sizes=\"auto, (max-width: 1024px) 100vw, 1024px\" \/><\/figure>\n\n\n\n<figure class=\"wp-block-gallery has-nested-images columns-default is-cropped wp-block-gallery-1 is-layout-flex wp-block-gallery-is-layout-flex\">\n<figure class=\"wp-block-image size-large\"><img loading=\"lazy\" decoding=\"async\" width=\"1920\" height=\"2560\" data-id=\"294\" src=\"https:\/\/janabraendle.ch\/wp-content\/uploads\/2023\/05\/ABC5459-edited-scaled.jpg\" alt=\"\" class=\"wp-image-294\" srcset=\"https:\/\/janabraendle.ch\/wp-content\/uploads\/2023\/05\/ABC5459-edited-scaled.jpg 1920w, https:\/\/janabraendle.ch\/wp-content\/uploads\/2023\/05\/ABC5459-edited-225x300.jpg 225w, https:\/\/janabraendle.ch\/wp-content\/uploads\/2023\/05\/ABC5459-edited-768x1024.jpg 768w, https:\/\/janabraendle.ch\/wp-content\/uploads\/2023\/05\/ABC5459-edited-1152x1536.jpg 1152w, https:\/\/janabraendle.ch\/wp-content\/uploads\/2023\/05\/ABC5459-edited-1536x2048.jpg 1536w\" sizes=\"auto, (max-width: 1920px) 100vw, 1920px\" \/><\/figure>\n\n\n\n<figure class=\"wp-block-image size-large\"><img loading=\"lazy\" decoding=\"async\" width=\"1024\" height=\"683\" data-id=\"292\" src=\"https:\/\/janabraendle.ch\/wp-content\/uploads\/2023\/05\/ABC5444-1024x683.jpg\" alt=\"\" class=\"wp-image-292\" srcset=\"https:\/\/janabraendle.ch\/wp-content\/uploads\/2023\/05\/ABC5444-1024x683.jpg 1024w, https:\/\/janabraendle.ch\/wp-content\/uploads\/2023\/05\/ABC5444-300x200.jpg 300w, https:\/\/janabraendle.ch\/wp-content\/uploads\/2023\/05\/ABC5444-768x512.jpg 768w, https:\/\/janabraendle.ch\/wp-content\/uploads\/2023\/05\/ABC5444-1536x1024.jpg 1536w, https:\/\/janabraendle.ch\/wp-content\/uploads\/2023\/05\/ABC5444-2048x1365.jpg 2048w\" sizes=\"auto, (max-width: 1024px) 100vw, 1024px\" \/><\/figure>\n\n\n\n<figure class=\"wp-block-image size-large\"><img loading=\"lazy\" decoding=\"async\" width=\"1024\" height=\"683\" data-id=\"290\" src=\"https:\/\/janabraendle.ch\/wp-content\/uploads\/2023\/05\/ABC5414-1024x683.jpg\" alt=\"\" class=\"wp-image-290\" srcset=\"https:\/\/janabraendle.ch\/wp-content\/uploads\/2023\/05\/ABC5414-1024x683.jpg 1024w, https:\/\/janabraendle.ch\/wp-content\/uploads\/2023\/05\/ABC5414-300x200.jpg 300w, https:\/\/janabraendle.ch\/wp-content\/uploads\/2023\/05\/ABC5414-768x512.jpg 768w, https:\/\/janabraendle.ch\/wp-content\/uploads\/2023\/05\/ABC5414-1536x1024.jpg 1536w, https:\/\/janabraendle.ch\/wp-content\/uploads\/2023\/05\/ABC5414-2048x1365.jpg 2048w\" sizes=\"auto, (max-width: 1024px) 100vw, 1024px\" \/><\/figure>\n<\/figure>\n\n\n\n<p class=\"has-dm-sans-font-family has-small-font-size\"><em>\u00a9 Johannes Dietschi<\/em><\/p>\n\n\n\n<div class=\"wp-block-buttons is-layout-flex wp-block-buttons-is-layout-flex\"><\/div>\n","protected":false},"excerpt":{"rendered":"<p>TREIBHAUS ODER ST\u00d6HN DICH ZU SEHENEin (uner)h\u00f6r(t)spiel 13. &#8211; 15.05.2021Chorgasse, Theater Neumarkt Konzept, Text und Regie: Nina Balmer, Stefanie Steffen und Jana Br\u00e4ndleStimmen: Edith Kaupp Rivadeneira, Leonardo Raab,Janna Antonia Rottmann, Stefanie SteffenSoundtechnik: Salomon Baumgartner \u00a9 Johannes Dietschi Das Gef\u00fchl, wenn die F\u00fcsse \u00fcber der Bettkante schweben. Der Abgrund der Menschen kann ein sch\u00f6ner sein. Wir [&hellip;]<\/p>\n","protected":false},"author":1,"featured_media":0,"parent":0,"menu_order":0,"comment_status":"closed","ping_status":"closed","template":"","meta":{"footnotes":""},"class_list":["post-288","page","type-page","status-publish","hentry"],"_links":{"self":[{"href":"https:\/\/janabraendle.ch\/index.php?rest_route=\/wp\/v2\/pages\/288","targetHints":{"allow":["GET"]}}],"collection":[{"href":"https:\/\/janabraendle.ch\/index.php?rest_route=\/wp\/v2\/pages"}],"about":[{"href":"https:\/\/janabraendle.ch\/index.php?rest_route=\/wp\/v2\/types\/page"}],"author":[{"embeddable":true,"href":"https:\/\/janabraendle.ch\/index.php?rest_route=\/wp\/v2\/users\/1"}],"replies":[{"embeddable":true,"href":"https:\/\/janabraendle.ch\/index.php?rest_route=%2Fwp%2Fv2%2Fcomments&post=288"}],"version-history":[{"count":2,"href":"https:\/\/janabraendle.ch\/index.php?rest_route=\/wp\/v2\/pages\/288\/revisions"}],"predecessor-version":[{"id":296,"href":"https:\/\/janabraendle.ch\/index.php?rest_route=\/wp\/v2\/pages\/288\/revisions\/296"}],"wp:attachment":[{"href":"https:\/\/janabraendle.ch\/index.php?rest_route=%2Fwp%2Fv2%2Fmedia&parent=288"}],"curies":[{"name":"wp","href":"https:\/\/api.w.org\/{rel}","templated":true}]}}