{"id":263,"date":"2023-06-07T17:10:11","date_gmt":"2023-06-07T17:10:11","guid":{"rendered":"https:\/\/janabraendle.ch\/?page_id=263"},"modified":"2023-06-07T17:10:11","modified_gmt":"2023-06-07T17:10:11","slug":"263-2","status":"publish","type":"page","link":"https:\/\/janabraendle.ch\/?page_id=263","title":{"rendered":""},"content":{"rendered":"\n<p class=\"has-dm-sans-font-family has-medium-font-size\"><strong>TRANSPLANTATION<\/strong><br>From Image Space to Spacial Image<\/p>\n\n\n\n<hr class=\"wp-block-separator has-alpha-channel-opacity\"\/>\n\n\n\n<p class=\"has-dm-sans-font-family has-small-font-size\">06. &#8211; 16.06.2019<br>Prague Quadrennial Of Performance Design And Space, Student Exhibition Switzerland<\/p>\n\n\n\n<p class=\"has-dm-sans-font-family has-small-font-size\">Konzept und Umsetzung: <strong>Kendra Olivia Alder, Vincent Loup, Naemi Jael Marty,<\/strong><br><strong>Nils Lou Lauper, <strong>Wessely Hui-Jun Tan,<\/strong><\/strong> <strong>Jana Br\u00e4ndle<\/strong><br>Technik: <strong>Arnd Frank<\/strong><br>Mentorat: <strong>Manuel Fabritz<\/strong><br>Audio: <b>Maxine Baumann, <\/b><strong style=\"font-weight: bold;\">Zora Sophia Maag,<\/strong><b> <\/b><strong style=\"font-weight: bold;\">David Reichel<\/strong>, <strong>Olivia Stauffer  <\/strong><\/p>\n\n\n\n<figure class=\"wp-block-image size-large\"><img loading=\"lazy\" decoding=\"async\" width=\"1024\" height=\"683\" src=\"https:\/\/janabraendle.ch\/wp-content\/uploads\/2023\/05\/PQ-009-Edit-1-1024x683.jpg\" alt=\"\" class=\"wp-image-264\" srcset=\"https:\/\/janabraendle.ch\/wp-content\/uploads\/2023\/05\/PQ-009-Edit-1-1024x683.jpg 1024w, https:\/\/janabraendle.ch\/wp-content\/uploads\/2023\/05\/PQ-009-Edit-1-300x200.jpg 300w, https:\/\/janabraendle.ch\/wp-content\/uploads\/2023\/05\/PQ-009-Edit-1-768x512.jpg 768w, https:\/\/janabraendle.ch\/wp-content\/uploads\/2023\/05\/PQ-009-Edit-1-1536x1024.jpg 1536w, https:\/\/janabraendle.ch\/wp-content\/uploads\/2023\/05\/PQ-009-Edit-1-2048x1365.jpg 2048w\" sizes=\"auto, (max-width: 1024px) 100vw, 1024px\" \/><\/figure>\n\n\n\n<p class=\"has-dm-sans-font-family has-small-font-size\">\u00a9 <em>Radek \u00dalehla<\/em><\/p>\n\n\n\n<p class=\"has-dm-sans-font-family has-small-font-size\"><strong>TRANSPLANTATION<\/strong> ist eine Installation inspiriert von Johannes Vermeer&#8217;s <em>the art of painting <\/em>(1666). Die Arbeit entstand um die Frage &#171;Was ist ein Bild?&#187; und in Bezug dazu die Rolle der Beobachter*innen. Wer beobachtet und wer wird beobachtet? Aus dieser Besch\u00e4ftigung wurde eine Installation kreiert, die den Besucher*innen erlaubt die Beziehungen, die sich aus einem Innen und einem Aussen ergeben, zu entdecken und zu beobachten. Verbindungen, Interaktionen und fl\u00fcchtige Bilder werden durch die Fenster und den dadurch gestalteten Sichtlinien greifbar. Daf\u00fcr wurden die Perspektiven aus Vermeer&#8217;s Gem\u00e4lde als Grundriss verwendet und in den dreidimensionalen Raum \u00fcbersetzt. Aus dem Bildraum entstand ein Raumbild.<br>Als zus\u00e4tzliche Ebene wurden verschiedene k\u00fcnstlerische Audioguides entwickelt, die auf den Raum reagierten und die Besucher*innen in einer akustischen Landschaft durch und um die Installation f\u00fchrten.<br>TRANSPLANTATION wurde im Rahmen der Z\u00fcrcher Hochschule der K\u00fcnste f\u00fcr die studentische Ausstellung der PQ19 (internationale Ausstellung f\u00fcr zeitgen\u00f6ssische Szenografie, Performance-Design und Theaterarchitektur) konzipiert und durchgef\u00fchrt. <\/p>\n\n\n\n<figure class=\"wp-block-image size-large\"><img loading=\"lazy\" decoding=\"async\" width=\"683\" height=\"1024\" src=\"https:\/\/janabraendle.ch\/wp-content\/uploads\/2023\/05\/ZW2A8429-Edit-1-683x1024.jpg\" alt=\"\" class=\"wp-image-270\" srcset=\"https:\/\/janabraendle.ch\/wp-content\/uploads\/2023\/05\/ZW2A8429-Edit-1-683x1024.jpg 683w, https:\/\/janabraendle.ch\/wp-content\/uploads\/2023\/05\/ZW2A8429-Edit-1-200x300.jpg 200w, https:\/\/janabraendle.ch\/wp-content\/uploads\/2023\/05\/ZW2A8429-Edit-1-768x1152.jpg 768w, https:\/\/janabraendle.ch\/wp-content\/uploads\/2023\/05\/ZW2A8429-Edit-1-1024x1536.jpg 1024w, https:\/\/janabraendle.ch\/wp-content\/uploads\/2023\/05\/ZW2A8429-Edit-1-1365x2048.jpg 1365w, https:\/\/janabraendle.ch\/wp-content\/uploads\/2023\/05\/ZW2A8429-Edit-1-scaled.jpg 1707w\" sizes=\"auto, (max-width: 683px) 100vw, 683px\" \/><\/figure>\n\n\n\n<figure class=\"wp-block-gallery has-nested-images columns-default is-cropped wp-block-gallery-1 is-layout-flex wp-block-gallery-is-layout-flex\">\n<figure class=\"wp-block-image size-large\"><img loading=\"lazy\" decoding=\"async\" width=\"683\" height=\"1024\" data-id=\"266\" src=\"https:\/\/janabraendle.ch\/wp-content\/uploads\/2023\/05\/PQ-055-Edit-683x1024.jpg\" alt=\"\" class=\"wp-image-266\" srcset=\"https:\/\/janabraendle.ch\/wp-content\/uploads\/2023\/05\/PQ-055-Edit-683x1024.jpg 683w, https:\/\/janabraendle.ch\/wp-content\/uploads\/2023\/05\/PQ-055-Edit-200x300.jpg 200w, https:\/\/janabraendle.ch\/wp-content\/uploads\/2023\/05\/PQ-055-Edit-768x1152.jpg 768w, https:\/\/janabraendle.ch\/wp-content\/uploads\/2023\/05\/PQ-055-Edit-1024x1536.jpg 1024w, https:\/\/janabraendle.ch\/wp-content\/uploads\/2023\/05\/PQ-055-Edit-1365x2048.jpg 1365w, https:\/\/janabraendle.ch\/wp-content\/uploads\/2023\/05\/PQ-055-Edit-scaled.jpg 1707w\" sizes=\"auto, (max-width: 683px) 100vw, 683px\" \/><\/figure>\n\n\n\n<figure class=\"wp-block-image size-large\"><img loading=\"lazy\" decoding=\"async\" width=\"1024\" height=\"683\" data-id=\"267\" src=\"https:\/\/janabraendle.ch\/wp-content\/uploads\/2023\/05\/PQ-070-Edit-1024x683.jpg\" alt=\"\" class=\"wp-image-267\" srcset=\"https:\/\/janabraendle.ch\/wp-content\/uploads\/2023\/05\/PQ-070-Edit-1024x683.jpg 1024w, https:\/\/janabraendle.ch\/wp-content\/uploads\/2023\/05\/PQ-070-Edit-300x200.jpg 300w, https:\/\/janabraendle.ch\/wp-content\/uploads\/2023\/05\/PQ-070-Edit-768x512.jpg 768w, https:\/\/janabraendle.ch\/wp-content\/uploads\/2023\/05\/PQ-070-Edit-1536x1024.jpg 1536w, https:\/\/janabraendle.ch\/wp-content\/uploads\/2023\/05\/PQ-070-Edit-2048x1365.jpg 2048w\" sizes=\"auto, (max-width: 1024px) 100vw, 1024px\" \/><\/figure>\n\n\n\n<figure class=\"wp-block-image size-large\"><img loading=\"lazy\" decoding=\"async\" width=\"1024\" height=\"683\" data-id=\"268\" src=\"https:\/\/janabraendle.ch\/wp-content\/uploads\/2023\/05\/PQ-085-Edit-1024x683.jpg\" alt=\"\" class=\"wp-image-268\" srcset=\"https:\/\/janabraendle.ch\/wp-content\/uploads\/2023\/05\/PQ-085-Edit-1024x683.jpg 1024w, https:\/\/janabraendle.ch\/wp-content\/uploads\/2023\/05\/PQ-085-Edit-300x200.jpg 300w, https:\/\/janabraendle.ch\/wp-content\/uploads\/2023\/05\/PQ-085-Edit-768x512.jpg 768w, https:\/\/janabraendle.ch\/wp-content\/uploads\/2023\/05\/PQ-085-Edit-1536x1024.jpg 1536w, https:\/\/janabraendle.ch\/wp-content\/uploads\/2023\/05\/PQ-085-Edit-2048x1365.jpg 2048w\" sizes=\"auto, (max-width: 1024px) 100vw, 1024px\" \/><\/figure>\n<\/figure>\n\n\n\n<p class=\"has-dm-sans-font-family has-small-font-size\">\u00a9 <em>Radek \u00dalehla<\/em><\/p>\n","protected":false},"excerpt":{"rendered":"<p>\u00a9 Radek \u00dalehla<\/p>\n","protected":false},"author":1,"featured_media":0,"parent":0,"menu_order":0,"comment_status":"closed","ping_status":"closed","template":"","meta":{"footnotes":""},"class_list":["post-263","page","type-page","status-publish","hentry"],"_links":{"self":[{"href":"https:\/\/janabraendle.ch\/index.php?rest_route=\/wp\/v2\/pages\/263","targetHints":{"allow":["GET"]}}],"collection":[{"href":"https:\/\/janabraendle.ch\/index.php?rest_route=\/wp\/v2\/pages"}],"about":[{"href":"https:\/\/janabraendle.ch\/index.php?rest_route=\/wp\/v2\/types\/page"}],"author":[{"embeddable":true,"href":"https:\/\/janabraendle.ch\/index.php?rest_route=\/wp\/v2\/users\/1"}],"replies":[{"embeddable":true,"href":"https:\/\/janabraendle.ch\/index.php?rest_route=%2Fwp%2Fv2%2Fcomments&post=263"}],"version-history":[{"count":5,"href":"https:\/\/janabraendle.ch\/index.php?rest_route=\/wp\/v2\/pages\/263\/revisions"}],"predecessor-version":[{"id":435,"href":"https:\/\/janabraendle.ch\/index.php?rest_route=\/wp\/v2\/pages\/263\/revisions\/435"}],"wp:attachment":[{"href":"https:\/\/janabraendle.ch\/index.php?rest_route=%2Fwp%2Fv2%2Fmedia&parent=263"}],"curies":[{"name":"wp","href":"https:\/\/api.w.org\/{rel}","templated":true}]}}