{"id":240,"date":"2023-05-18T16:02:54","date_gmt":"2023-05-18T16:02:54","guid":{"rendered":"https:\/\/janabraendle.ch\/?page_id=240"},"modified":"2023-05-18T16:02:54","modified_gmt":"2023-05-18T16:02:54","slug":"240-2","status":"publish","type":"page","link":"https:\/\/janabraendle.ch\/?page_id=240","title":{"rendered":""},"content":{"rendered":"\n<p class=\"has-dm-sans-font-family has-medium-font-size\"><strong>HOLYTRASH&amp;SUPERTROUPERS<\/strong><br>In solchem Tempel kann nichts B\u00f6ses wohnen<\/p>\n\n\n\n<hr class=\"wp-block-separator has-alpha-channel-opacity is-style-default\"\/>\n\n\n\n<p class=\"has-dm-sans-font-family has-small-font-size\">28.11. \/ 02.12. \/ 03.12 \/ 04.12.2020<br>B\u00fchne B, Theater der K\u00fcnste, Z\u00fcrich<\/p>\n\n\n\n<p class=\"has-dm-sans-font-family has-small-font-size\">Regie: <strong>Johannes Schmidt<\/strong><br>B\u00fchne und Licht: <strong>Vincent Loup und Jana Br\u00e4ndle<\/strong><br>Kost\u00fcme: <strong>Sophie Schmid<\/strong><br>Dramaturgie: <strong>Quirin Streuli<\/strong><br>Spiel: <strong>Tim Woody Haake, Amy Sarah Lombardi, Jonas Julian Niemann<\/strong><\/p>\n\n\n\n<figure class=\"wp-block-image size-large\"><img loading=\"lazy\" decoding=\"async\" width=\"1024\" height=\"768\" src=\"https:\/\/janabraendle.ch\/wp-content\/uploads\/2023\/05\/50722550752_90c8f4c554_o-1024x768.jpg\" alt=\"\" class=\"wp-image-248\" srcset=\"https:\/\/janabraendle.ch\/wp-content\/uploads\/2023\/05\/50722550752_90c8f4c554_o-1024x768.jpg 1024w, https:\/\/janabraendle.ch\/wp-content\/uploads\/2023\/05\/50722550752_90c8f4c554_o-300x225.jpg 300w, https:\/\/janabraendle.ch\/wp-content\/uploads\/2023\/05\/50722550752_90c8f4c554_o-768x576.jpg 768w, https:\/\/janabraendle.ch\/wp-content\/uploads\/2023\/05\/50722550752_90c8f4c554_o-1536x1152.jpg 1536w, https:\/\/janabraendle.ch\/wp-content\/uploads\/2023\/05\/50722550752_90c8f4c554_o-2048x1536.jpg 2048w\" sizes=\"auto, (max-width: 1024px) 100vw, 1024px\" \/><\/figure>\n\n\n\n<p class=\"has-dm-sans-font-family has-small-font-size\"><em>\u00a9 Hochschulkommunikation ZHdK<\/em><\/p>\n\n\n\n<p class=\"has-dm-sans-font-family has-small-font-size\">Auf einer abgeschotteten Insel sammeln sich die \u00dcberresten aus 250 Jahren Konsum und Patriarchat; eine Welt aus Plastik, Popsongs, Traumschl\u00f6ssern, unbenutzten K\u00fcchenger\u00e4ten und toxischen Beziehungen. Drei Figuren w\u00fchlen sich verbissen l\u00e4chelnd durch die Berge aus emotionalen und materiellen Altlasten. Aus der gemeinsam behaupteten Utopie sch\u00f6pfen sie kaum noch Trost. In schweisstreibenden Bewegungen zu dr\u00f6hnender Musik entdecken sie bisher unbekannten Ungehorsam: Protest, Verzweiflung, Tr\u00e4umerei, Kritik. Mit Textfragmenten aus Shakespeares \u00abDer Sturm\u00bb offenbart sich so eine Weltordnung am Abgrund der Menschlichkeit.<\/p>\n\n\n\n<figure class=\"wp-block-image size-large\"><img loading=\"lazy\" decoding=\"async\" width=\"768\" height=\"1024\" src=\"https:\/\/janabraendle.ch\/wp-content\/uploads\/2023\/05\/50721725583_44ce7707ef_o-1-768x1024.jpg\" alt=\"\" class=\"wp-image-241\" srcset=\"https:\/\/janabraendle.ch\/wp-content\/uploads\/2023\/05\/50721725583_44ce7707ef_o-1-768x1024.jpg 768w, https:\/\/janabraendle.ch\/wp-content\/uploads\/2023\/05\/50721725583_44ce7707ef_o-1-225x300.jpg 225w, https:\/\/janabraendle.ch\/wp-content\/uploads\/2023\/05\/50721725583_44ce7707ef_o-1-1152x1536.jpg 1152w, https:\/\/janabraendle.ch\/wp-content\/uploads\/2023\/05\/50721725583_44ce7707ef_o-1-1536x2048.jpg 1536w, https:\/\/janabraendle.ch\/wp-content\/uploads\/2023\/05\/50721725583_44ce7707ef_o-1-scaled.jpg 1920w\" sizes=\"auto, (max-width: 768px) 100vw, 768px\" \/><\/figure>\n\n\n\n<figure class=\"wp-block-gallery has-nested-images columns-default is-cropped wp-block-gallery-1 is-layout-flex wp-block-gallery-is-layout-flex\">\n<figure class=\"wp-block-image size-large\"><img loading=\"lazy\" decoding=\"async\" width=\"768\" height=\"1024\" data-id=\"242\" src=\"https:\/\/janabraendle.ch\/wp-content\/uploads\/2023\/05\/50721725448_78efb802ed_o-768x1024.jpg\" alt=\"\" class=\"wp-image-242\" srcset=\"https:\/\/janabraendle.ch\/wp-content\/uploads\/2023\/05\/50721725448_78efb802ed_o-768x1024.jpg 768w, https:\/\/janabraendle.ch\/wp-content\/uploads\/2023\/05\/50721725448_78efb802ed_o-225x300.jpg 225w, https:\/\/janabraendle.ch\/wp-content\/uploads\/2023\/05\/50721725448_78efb802ed_o-1152x1536.jpg 1152w, https:\/\/janabraendle.ch\/wp-content\/uploads\/2023\/05\/50721725448_78efb802ed_o-1536x2048.jpg 1536w, https:\/\/janabraendle.ch\/wp-content\/uploads\/2023\/05\/50721725448_78efb802ed_o-scaled.jpg 1920w\" sizes=\"auto, (max-width: 768px) 100vw, 768px\" \/><\/figure>\n\n\n\n<figure class=\"wp-block-image size-large\"><img loading=\"lazy\" decoding=\"async\" width=\"768\" height=\"1024\" data-id=\"243\" src=\"https:\/\/janabraendle.ch\/wp-content\/uploads\/2023\/05\/50721725958_1e91c71011_o-768x1024.jpg\" alt=\"\" class=\"wp-image-243\" srcset=\"https:\/\/janabraendle.ch\/wp-content\/uploads\/2023\/05\/50721725958_1e91c71011_o-768x1024.jpg 768w, https:\/\/janabraendle.ch\/wp-content\/uploads\/2023\/05\/50721725958_1e91c71011_o-225x300.jpg 225w, https:\/\/janabraendle.ch\/wp-content\/uploads\/2023\/05\/50721725958_1e91c71011_o-1152x1536.jpg 1152w, https:\/\/janabraendle.ch\/wp-content\/uploads\/2023\/05\/50721725958_1e91c71011_o-1536x2048.jpg 1536w, https:\/\/janabraendle.ch\/wp-content\/uploads\/2023\/05\/50721725958_1e91c71011_o-scaled.jpg 1920w\" sizes=\"auto, (max-width: 768px) 100vw, 768px\" \/><\/figure>\n\n\n\n<figure class=\"wp-block-image size-large\"><img loading=\"lazy\" decoding=\"async\" width=\"768\" height=\"1024\" data-id=\"251\" src=\"https:\/\/janabraendle.ch\/wp-content\/uploads\/2023\/05\/50722554252_fac3808ea0_o-768x1024.jpg\" alt=\"\" class=\"wp-image-251\" srcset=\"https:\/\/janabraendle.ch\/wp-content\/uploads\/2023\/05\/50722554252_fac3808ea0_o-768x1024.jpg 768w, https:\/\/janabraendle.ch\/wp-content\/uploads\/2023\/05\/50722554252_fac3808ea0_o-225x300.jpg 225w, https:\/\/janabraendle.ch\/wp-content\/uploads\/2023\/05\/50722554252_fac3808ea0_o-1152x1536.jpg 1152w, https:\/\/janabraendle.ch\/wp-content\/uploads\/2023\/05\/50722554252_fac3808ea0_o-1536x2048.jpg 1536w, https:\/\/janabraendle.ch\/wp-content\/uploads\/2023\/05\/50722554252_fac3808ea0_o-scaled.jpg 1920w\" sizes=\"auto, (max-width: 768px) 100vw, 768px\" \/><\/figure>\n\n\n\n<figure class=\"wp-block-image size-large\"><img loading=\"lazy\" decoding=\"async\" width=\"800\" height=\"600\" data-id=\"253\" src=\"https:\/\/janabraendle.ch\/wp-content\/uploads\/2023\/05\/50721729153_d9bc2643e7_c.jpg\" alt=\"\" class=\"wp-image-253\" srcset=\"https:\/\/janabraendle.ch\/wp-content\/uploads\/2023\/05\/50721729153_d9bc2643e7_c.jpg 800w, https:\/\/janabraendle.ch\/wp-content\/uploads\/2023\/05\/50721729153_d9bc2643e7_c-300x225.jpg 300w, https:\/\/janabraendle.ch\/wp-content\/uploads\/2023\/05\/50721729153_d9bc2643e7_c-768x576.jpg 768w\" sizes=\"auto, (max-width: 800px) 100vw, 800px\" \/><\/figure>\n\n\n\n<figure class=\"wp-block-image size-large\"><img loading=\"lazy\" decoding=\"async\" width=\"768\" height=\"1024\" data-id=\"252\" src=\"https:\/\/janabraendle.ch\/wp-content\/uploads\/2023\/05\/50722467146_133d834527_o-768x1024.jpg\" alt=\"\" class=\"wp-image-252\" srcset=\"https:\/\/janabraendle.ch\/wp-content\/uploads\/2023\/05\/50722467146_133d834527_o-768x1024.jpg 768w, https:\/\/janabraendle.ch\/wp-content\/uploads\/2023\/05\/50722467146_133d834527_o-225x300.jpg 225w, https:\/\/janabraendle.ch\/wp-content\/uploads\/2023\/05\/50722467146_133d834527_o-1152x1536.jpg 1152w, https:\/\/janabraendle.ch\/wp-content\/uploads\/2023\/05\/50722467146_133d834527_o-1536x2048.jpg 1536w, https:\/\/janabraendle.ch\/wp-content\/uploads\/2023\/05\/50722467146_133d834527_o-scaled.jpg 1920w\" sizes=\"auto, (max-width: 768px) 100vw, 768px\" \/><\/figure>\n\n\n\n<figure class=\"wp-block-image size-large\"><img loading=\"lazy\" decoding=\"async\" width=\"1024\" height=\"768\" data-id=\"246\" src=\"https:\/\/janabraendle.ch\/wp-content\/uploads\/2023\/05\/50722468271_248d5fb0d9_o-1024x768.jpg\" alt=\"\" class=\"wp-image-246\" srcset=\"https:\/\/janabraendle.ch\/wp-content\/uploads\/2023\/05\/50722468271_248d5fb0d9_o-1024x768.jpg 1024w, https:\/\/janabraendle.ch\/wp-content\/uploads\/2023\/05\/50722468271_248d5fb0d9_o-300x225.jpg 300w, https:\/\/janabraendle.ch\/wp-content\/uploads\/2023\/05\/50722468271_248d5fb0d9_o-768x576.jpg 768w, https:\/\/janabraendle.ch\/wp-content\/uploads\/2023\/05\/50722468271_248d5fb0d9_o-1536x1152.jpg 1536w, https:\/\/janabraendle.ch\/wp-content\/uploads\/2023\/05\/50722468271_248d5fb0d9_o-2048x1536.jpg 2048w\" sizes=\"auto, (max-width: 1024px) 100vw, 1024px\" \/><\/figure>\n<\/figure>\n\n\n\n<figure class=\"wp-block-image size-full\"><img loading=\"lazy\" decoding=\"async\" width=\"800\" height=\"600\" src=\"https:\/\/janabraendle.ch\/wp-content\/uploads\/2023\/05\/50722467556_1e9e9e745e_c.jpg\" alt=\"\" class=\"wp-image-255\" srcset=\"https:\/\/janabraendle.ch\/wp-content\/uploads\/2023\/05\/50722467556_1e9e9e745e_c.jpg 800w, https:\/\/janabraendle.ch\/wp-content\/uploads\/2023\/05\/50722467556_1e9e9e745e_c-300x225.jpg 300w, https:\/\/janabraendle.ch\/wp-content\/uploads\/2023\/05\/50722467556_1e9e9e745e_c-768x576.jpg 768w\" sizes=\"auto, (max-width: 800px) 100vw, 800px\" \/><\/figure>\n\n\n\n<p class=\"has-dm-sans-font-family has-small-font-size\"><em>\u00a9 Hochschulkommunikation ZHdK<\/em><\/p>\n","protected":false},"excerpt":{"rendered":"<p>HOLYTRASH&amp;SUPERTROUPERSIn solchem Tempel kann nichts B\u00f6ses wohnen 28.11. \/ 02.12. \/ 03.12 \/ 04.12.2020B\u00fchne B, Theater der K\u00fcnste, Z\u00fcrich Regie: Johannes SchmidtB\u00fchne und Licht: Vincent Loup und Jana Br\u00e4ndleKost\u00fcme: Sophie SchmidDramaturgie: Quirin StreuliSpiel: Tim Woody Haake, Amy Sarah Lombardi, Jonas Julian Niemann \u00a9 Hochschulkommunikation ZHdK Auf einer abgeschotteten Insel sammeln sich die \u00dcberresten aus 250 [&hellip;]<\/p>\n","protected":false},"author":1,"featured_media":0,"parent":0,"menu_order":0,"comment_status":"closed","ping_status":"closed","template":"","meta":{"footnotes":""},"class_list":["post-240","page","type-page","status-publish","hentry"],"_links":{"self":[{"href":"https:\/\/janabraendle.ch\/index.php?rest_route=\/wp\/v2\/pages\/240","targetHints":{"allow":["GET"]}}],"collection":[{"href":"https:\/\/janabraendle.ch\/index.php?rest_route=\/wp\/v2\/pages"}],"about":[{"href":"https:\/\/janabraendle.ch\/index.php?rest_route=\/wp\/v2\/types\/page"}],"author":[{"embeddable":true,"href":"https:\/\/janabraendle.ch\/index.php?rest_route=\/wp\/v2\/users\/1"}],"replies":[{"embeddable":true,"href":"https:\/\/janabraendle.ch\/index.php?rest_route=%2Fwp%2Fv2%2Fcomments&post=240"}],"version-history":[{"count":5,"href":"https:\/\/janabraendle.ch\/index.php?rest_route=\/wp\/v2\/pages\/240\/revisions"}],"predecessor-version":[{"id":261,"href":"https:\/\/janabraendle.ch\/index.php?rest_route=\/wp\/v2\/pages\/240\/revisions\/261"}],"wp:attachment":[{"href":"https:\/\/janabraendle.ch\/index.php?rest_route=%2Fwp%2Fv2%2Fmedia&parent=240"}],"curies":[{"name":"wp","href":"https:\/\/api.w.org\/{rel}","templated":true}]}}