{"id":216,"date":"2023-05-23T13:16:48","date_gmt":"2023-05-23T13:16:48","guid":{"rendered":"https:\/\/janabraendle.ch\/?page_id=216"},"modified":"2023-05-23T13:16:48","modified_gmt":"2023-05-23T13:16:48","slug":"216-2","status":"publish","type":"page","link":"https:\/\/janabraendle.ch\/?page_id=216","title":{"rendered":""},"content":{"rendered":"\n<p class=\"has-dm-sans-font-family has-medium-font-size\"><strong>WETLANDS<\/strong><br>Diplomproduktion Master Theater, Schauspiel<\/p>\n\n\n\n<hr class=\"wp-block-separator has-alpha-channel-opacity\"\/>\n\n\n\n<p class=\"has-dm-sans-font-family has-small-font-size\">10.06 \/ 11.06 \/ 12.06.2022<br>B\u00fchne A, Theater der K\u00fcnste, Z\u00fcrich<\/p>\n\n\n\n<p class=\"has-dm-sans-font-family has-small-font-size\" style=\"font-style:normal;font-weight:100\">K\u00fcnstlerische Leitung und Performance:<strong><em> <\/em>Janna Rottmann und Stefanie Steffen<\/strong><br>Kost\u00fcm und szenografische Unterst\u00fctzung:&nbsp;<strong>Jana Br\u00e4ndle<\/strong><br>Unterst\u00fctzung B\u00fchne und Licht:<strong> Lilli Unger<\/strong><br>Dramaturgische Begleitung: <strong>Natania Prezant<\/strong><br>Fundus und Schneiderei: <strong>Maria Pate und Alma Rumpke<\/strong><br>Technische Leitung und Betreuung: <strong>Michel Weber<\/strong><br>Licht:<strong>&nbsp;Lukas Keller und Dietrich Furer<\/strong><br>Pyrotechnik:<strong> Lukas Keller<\/strong><br>Technik und Bau:<strong> Michel Weber, Dominik Fedier, Karl-Matthias R\u00f6hm, Lukas Keller <\/strong>Mentorat: <strong>Lucie Tuma<\/strong><br>Transport:<strong> Lucien Sadkowski<\/strong><br>Kommunikation:<strong> Lukas Sander und Sergej Tratar Baamonde<\/strong><\/p>\n\n\n\n<figure class=\"wp-block-image size-large\"><img loading=\"lazy\" decoding=\"async\" width=\"1024\" height=\"683\" src=\"https:\/\/janabraendle.ch\/wp-content\/uploads\/2023\/05\/52145886326_acf2fcebbb_k-1024x683.jpg\" alt=\"\" class=\"wp-image-219\" srcset=\"https:\/\/janabraendle.ch\/wp-content\/uploads\/2023\/05\/52145886326_acf2fcebbb_k-1024x683.jpg 1024w, https:\/\/janabraendle.ch\/wp-content\/uploads\/2023\/05\/52145886326_acf2fcebbb_k-300x200.jpg 300w, https:\/\/janabraendle.ch\/wp-content\/uploads\/2023\/05\/52145886326_acf2fcebbb_k-768x512.jpg 768w, https:\/\/janabraendle.ch\/wp-content\/uploads\/2023\/05\/52145886326_acf2fcebbb_k-1536x1024.jpg 1536w, https:\/\/janabraendle.ch\/wp-content\/uploads\/2023\/05\/52145886326_acf2fcebbb_k.jpg 2048w\" sizes=\"auto, (max-width: 1024px) 100vw, 1024px\" \/><\/figure>\n\n\n\n<p class=\"has-dm-sans-font-family has-small-font-size\"><em>\u00a9 Djamila Grossman<\/em><\/p>\n\n\n\n<p class=\"has-dm-sans-font-family has-small-font-size\"><strong>WETLANDS<\/strong> ist eine Besch\u00e4ftigung mit Zusammenh\u00e4ngen zwischen gesellschaftlichen Strukturen und Intimit\u00e4t in Bereichen von Sex, Sexualit\u00e4t und Begehren.<br>Im Spiel zwischen konkreten Alltagserfahrungen und Fiktion wird durch Reenactment, \u00dcberspitzung, Umkehr und Neukontextualisierung ein utopischer M\u00f6glichkeitsraum geschaffen. Die Performer*innen laden ein, eigene Annahmen \u00fcber Formen des Miteinanders in Kontexten von Liebe und Freund*innenschaft zu befragen und neu zu denken.<br>Sie bewegen sich in R\u00e4umen von Lust und Unlust, zwischen romantischen<br>Narrativen, Erinnerungen und Fantasie. <br>An Bruchstellen zwischen Intimit\u00e4t und \u00d6ffentlichkeit werden Fragen um Handlungsf\u00e4higkeit aufgeworfen &#8211; auch in Bezug auf die Performance Situation.<\/p>\n\n\n\n<figure class=\"wp-block-image size-large\"><img loading=\"lazy\" decoding=\"async\" width=\"1024\" height=\"683\" src=\"https:\/\/janabraendle.ch\/wp-content\/uploads\/2023\/05\/52145908868_118da8b675_k-1024x683.jpg\" alt=\"\" class=\"wp-image-225\" srcset=\"https:\/\/janabraendle.ch\/wp-content\/uploads\/2023\/05\/52145908868_118da8b675_k-1024x683.jpg 1024w, https:\/\/janabraendle.ch\/wp-content\/uploads\/2023\/05\/52145908868_118da8b675_k-300x200.jpg 300w, https:\/\/janabraendle.ch\/wp-content\/uploads\/2023\/05\/52145908868_118da8b675_k-768x512.jpg 768w, https:\/\/janabraendle.ch\/wp-content\/uploads\/2023\/05\/52145908868_118da8b675_k-1536x1024.jpg 1536w, https:\/\/janabraendle.ch\/wp-content\/uploads\/2023\/05\/52145908868_118da8b675_k.jpg 2048w\" sizes=\"auto, (max-width: 1024px) 100vw, 1024px\" \/><\/figure>\n\n\n\n<figure class=\"wp-block-gallery has-nested-images columns-default is-cropped wp-block-gallery-1 is-layout-flex wp-block-gallery-is-layout-flex\">\n<figure class=\"wp-block-image size-large\"><img loading=\"lazy\" decoding=\"async\" width=\"683\" height=\"1024\" data-id=\"220\" src=\"https:\/\/janabraendle.ch\/wp-content\/uploads\/2023\/05\/52144866167_9c12d7eb8f_k-683x1024.jpg\" alt=\"\" class=\"wp-image-220\" srcset=\"https:\/\/janabraendle.ch\/wp-content\/uploads\/2023\/05\/52144866167_9c12d7eb8f_k-683x1024.jpg 683w, https:\/\/janabraendle.ch\/wp-content\/uploads\/2023\/05\/52144866167_9c12d7eb8f_k-200x300.jpg 200w, https:\/\/janabraendle.ch\/wp-content\/uploads\/2023\/05\/52144866167_9c12d7eb8f_k-768x1152.jpg 768w, https:\/\/janabraendle.ch\/wp-content\/uploads\/2023\/05\/52144866167_9c12d7eb8f_k-1024x1536.jpg 1024w, https:\/\/janabraendle.ch\/wp-content\/uploads\/2023\/05\/52144866167_9c12d7eb8f_k.jpg 1365w\" sizes=\"auto, (max-width: 683px) 100vw, 683px\" \/><\/figure>\n\n\n\n<figure class=\"wp-block-image size-large\"><img loading=\"lazy\" decoding=\"async\" width=\"1024\" height=\"683\" data-id=\"226\" src=\"https:\/\/janabraendle.ch\/wp-content\/uploads\/2023\/05\/52145909113_b257198abc_k-1024x683.jpg\" alt=\"\" class=\"wp-image-226\" srcset=\"https:\/\/janabraendle.ch\/wp-content\/uploads\/2023\/05\/52145909113_b257198abc_k-1024x683.jpg 1024w, https:\/\/janabraendle.ch\/wp-content\/uploads\/2023\/05\/52145909113_b257198abc_k-300x200.jpg 300w, https:\/\/janabraendle.ch\/wp-content\/uploads\/2023\/05\/52145909113_b257198abc_k-768x512.jpg 768w, https:\/\/janabraendle.ch\/wp-content\/uploads\/2023\/05\/52145909113_b257198abc_k-1536x1024.jpg 1536w, https:\/\/janabraendle.ch\/wp-content\/uploads\/2023\/05\/52145909113_b257198abc_k.jpg 2048w\" sizes=\"auto, (max-width: 1024px) 100vw, 1024px\" \/><\/figure>\n\n\n\n<figure class=\"wp-block-image size-large\"><img loading=\"lazy\" decoding=\"async\" width=\"1024\" height=\"683\" data-id=\"222\" src=\"https:\/\/janabraendle.ch\/wp-content\/uploads\/2023\/05\/52145908568_4f057b8a82_k-1024x683.jpg\" alt=\"\" class=\"wp-image-222\" srcset=\"https:\/\/janabraendle.ch\/wp-content\/uploads\/2023\/05\/52145908568_4f057b8a82_k-1024x683.jpg 1024w, https:\/\/janabraendle.ch\/wp-content\/uploads\/2023\/05\/52145908568_4f057b8a82_k-300x200.jpg 300w, https:\/\/janabraendle.ch\/wp-content\/uploads\/2023\/05\/52145908568_4f057b8a82_k-768x512.jpg 768w, https:\/\/janabraendle.ch\/wp-content\/uploads\/2023\/05\/52145908568_4f057b8a82_k-1536x1024.jpg 1536w, https:\/\/janabraendle.ch\/wp-content\/uploads\/2023\/05\/52145908568_4f057b8a82_k.jpg 2048w\" sizes=\"auto, (max-width: 1024px) 100vw, 1024px\" \/><\/figure>\n<\/figure>\n\n\n\n<figure class=\"wp-block-image size-large\"><img loading=\"lazy\" decoding=\"async\" width=\"1024\" height=\"683\" src=\"https:\/\/janabraendle.ch\/wp-content\/uploads\/2023\/05\/52146373935_07d1f76c7c_ozensiert-1024x683.jpg\" alt=\"\" class=\"wp-image-301\" srcset=\"https:\/\/janabraendle.ch\/wp-content\/uploads\/2023\/05\/52146373935_07d1f76c7c_ozensiert-1024x683.jpg 1024w, https:\/\/janabraendle.ch\/wp-content\/uploads\/2023\/05\/52146373935_07d1f76c7c_ozensiert-300x200.jpg 300w, https:\/\/janabraendle.ch\/wp-content\/uploads\/2023\/05\/52146373935_07d1f76c7c_ozensiert-768x512.jpg 768w, https:\/\/janabraendle.ch\/wp-content\/uploads\/2023\/05\/52146373935_07d1f76c7c_ozensiert-1536x1024.jpg 1536w, https:\/\/janabraendle.ch\/wp-content\/uploads\/2023\/05\/52146373935_07d1f76c7c_ozensiert-2048x1365.jpg 2048w\" sizes=\"auto, (max-width: 1024px) 100vw, 1024px\" \/><\/figure>\n\n\n\n<figure class=\"wp-block-gallery has-nested-images columns-default is-cropped wp-block-gallery-2 is-layout-flex wp-block-gallery-is-layout-flex\">\n<figure class=\"wp-block-image size-large\"><img loading=\"lazy\" decoding=\"async\" width=\"1024\" height=\"683\" data-id=\"221\" src=\"https:\/\/janabraendle.ch\/wp-content\/uploads\/2023\/05\/52145908458_ebe9728bf5_k-1024x683.jpg\" alt=\"\" class=\"wp-image-221\" srcset=\"https:\/\/janabraendle.ch\/wp-content\/uploads\/2023\/05\/52145908458_ebe9728bf5_k-1024x683.jpg 1024w, https:\/\/janabraendle.ch\/wp-content\/uploads\/2023\/05\/52145908458_ebe9728bf5_k-300x200.jpg 300w, https:\/\/janabraendle.ch\/wp-content\/uploads\/2023\/05\/52145908458_ebe9728bf5_k-768x512.jpg 768w, https:\/\/janabraendle.ch\/wp-content\/uploads\/2023\/05\/52145908458_ebe9728bf5_k-1536x1024.jpg 1536w, https:\/\/janabraendle.ch\/wp-content\/uploads\/2023\/05\/52145908458_ebe9728bf5_k.jpg 2048w\" sizes=\"auto, (max-width: 1024px) 100vw, 1024px\" \/><\/figure>\n\n\n\n<figure class=\"wp-block-image size-large\"><img loading=\"lazy\" decoding=\"async\" width=\"683\" height=\"1024\" data-id=\"230\" src=\"https:\/\/janabraendle.ch\/wp-content\/uploads\/2023\/05\/52144866197_728185eaf5_k-683x1024.jpg\" alt=\"\" class=\"wp-image-230\" srcset=\"https:\/\/janabraendle.ch\/wp-content\/uploads\/2023\/05\/52144866197_728185eaf5_k-683x1024.jpg 683w, https:\/\/janabraendle.ch\/wp-content\/uploads\/2023\/05\/52144866197_728185eaf5_k-200x300.jpg 200w, https:\/\/janabraendle.ch\/wp-content\/uploads\/2023\/05\/52144866197_728185eaf5_k-768x1152.jpg 768w, https:\/\/janabraendle.ch\/wp-content\/uploads\/2023\/05\/52144866197_728185eaf5_k-1024x1536.jpg 1024w, https:\/\/janabraendle.ch\/wp-content\/uploads\/2023\/05\/52144866197_728185eaf5_k.jpg 1365w\" sizes=\"auto, (max-width: 683px) 100vw, 683px\" \/><\/figure>\n\n\n\n<figure class=\"wp-block-image size-large\"><img loading=\"lazy\" decoding=\"async\" width=\"1024\" height=\"683\" data-id=\"229\" src=\"https:\/\/janabraendle.ch\/wp-content\/uploads\/2023\/05\/52145886101_ff92f015d0_k-1024x683.jpg\" alt=\"\" class=\"wp-image-229\" srcset=\"https:\/\/janabraendle.ch\/wp-content\/uploads\/2023\/05\/52145886101_ff92f015d0_k-1024x683.jpg 1024w, https:\/\/janabraendle.ch\/wp-content\/uploads\/2023\/05\/52145886101_ff92f015d0_k-300x200.jpg 300w, https:\/\/janabraendle.ch\/wp-content\/uploads\/2023\/05\/52145886101_ff92f015d0_k-768x512.jpg 768w, https:\/\/janabraendle.ch\/wp-content\/uploads\/2023\/05\/52145886101_ff92f015d0_k-1536x1024.jpg 1536w, https:\/\/janabraendle.ch\/wp-content\/uploads\/2023\/05\/52145886101_ff92f015d0_k.jpg 2048w\" sizes=\"auto, (max-width: 1024px) 100vw, 1024px\" \/><\/figure>\n\n\n\n<figure class=\"wp-block-image size-large\"><img loading=\"lazy\" decoding=\"async\" width=\"1024\" height=\"683\" data-id=\"235\" src=\"https:\/\/janabraendle.ch\/wp-content\/uploads\/2023\/05\/52145908643_44e965a31b_k-1024x683.jpg\" alt=\"\" class=\"wp-image-235\" srcset=\"https:\/\/janabraendle.ch\/wp-content\/uploads\/2023\/05\/52145908643_44e965a31b_k-1024x683.jpg 1024w, https:\/\/janabraendle.ch\/wp-content\/uploads\/2023\/05\/52145908643_44e965a31b_k-300x200.jpg 300w, https:\/\/janabraendle.ch\/wp-content\/uploads\/2023\/05\/52145908643_44e965a31b_k-768x512.jpg 768w, https:\/\/janabraendle.ch\/wp-content\/uploads\/2023\/05\/52145908643_44e965a31b_k-1536x1024.jpg 1536w, https:\/\/janabraendle.ch\/wp-content\/uploads\/2023\/05\/52145908643_44e965a31b_k.jpg 2048w\" sizes=\"auto, (max-width: 1024px) 100vw, 1024px\" \/><\/figure>\n\n\n\n<figure class=\"wp-block-image size-large\"><img loading=\"lazy\" decoding=\"async\" width=\"1024\" height=\"683\" data-id=\"227\" src=\"https:\/\/janabraendle.ch\/wp-content\/uploads\/2023\/05\/52146124074_443e96505e_k-1024x683.jpg\" alt=\"\" class=\"wp-image-227\" srcset=\"https:\/\/janabraendle.ch\/wp-content\/uploads\/2023\/05\/52146124074_443e96505e_k-1024x683.jpg 1024w, https:\/\/janabraendle.ch\/wp-content\/uploads\/2023\/05\/52146124074_443e96505e_k-300x200.jpg 300w, https:\/\/janabraendle.ch\/wp-content\/uploads\/2023\/05\/52146124074_443e96505e_k-768x512.jpg 768w, https:\/\/janabraendle.ch\/wp-content\/uploads\/2023\/05\/52146124074_443e96505e_k-1536x1024.jpg 1536w, https:\/\/janabraendle.ch\/wp-content\/uploads\/2023\/05\/52146124074_443e96505e_k.jpg 2048w\" sizes=\"auto, (max-width: 1024px) 100vw, 1024px\" \/><\/figure>\n\n\n\n<figure class=\"wp-block-image size-large\"><img loading=\"lazy\" decoding=\"async\" width=\"1025\" height=\"1365\" data-id=\"236\" src=\"https:\/\/janabraendle.ch\/wp-content\/uploads\/2023\/05\/52146374120_28656261db_k-edited.jpg\" alt=\"\" class=\"wp-image-236\" srcset=\"https:\/\/janabraendle.ch\/wp-content\/uploads\/2023\/05\/52146374120_28656261db_k-edited.jpg 1025w, https:\/\/janabraendle.ch\/wp-content\/uploads\/2023\/05\/52146374120_28656261db_k-edited-225x300.jpg 225w, https:\/\/janabraendle.ch\/wp-content\/uploads\/2023\/05\/52146374120_28656261db_k-edited-769x1024.jpg 769w, https:\/\/janabraendle.ch\/wp-content\/uploads\/2023\/05\/52146374120_28656261db_k-edited-768x1023.jpg 768w\" sizes=\"auto, (max-width: 1025px) 100vw, 1025px\" \/><\/figure>\n<\/figure>\n\n\n\n<figure class=\"wp-block-image size-large\"><img loading=\"lazy\" decoding=\"async\" width=\"1024\" height=\"683\" src=\"https:\/\/janabraendle.ch\/wp-content\/uploads\/2023\/05\/52145908818_8664e06529_k-1024x683.jpg\" alt=\"\" class=\"wp-image-238\" srcset=\"https:\/\/janabraendle.ch\/wp-content\/uploads\/2023\/05\/52145908818_8664e06529_k-1024x683.jpg 1024w, https:\/\/janabraendle.ch\/wp-content\/uploads\/2023\/05\/52145908818_8664e06529_k-300x200.jpg 300w, https:\/\/janabraendle.ch\/wp-content\/uploads\/2023\/05\/52145908818_8664e06529_k-768x512.jpg 768w, https:\/\/janabraendle.ch\/wp-content\/uploads\/2023\/05\/52145908818_8664e06529_k-1536x1024.jpg 1536w, https:\/\/janabraendle.ch\/wp-content\/uploads\/2023\/05\/52145908818_8664e06529_k.jpg 2048w\" sizes=\"auto, (max-width: 1024px) 100vw, 1024px\" \/><\/figure>\n\n\n\n<p class=\"has-dm-sans-font-family has-small-font-size\"><em>\u00a9 Djamila Grossman<\/em><\/p>\n","protected":false},"excerpt":{"rendered":"<p>WETLANDSDiplomproduktion Master Theater, Schauspiel 10.06 \/ 11.06 \/ 12.06.2022B\u00fchne A, Theater der K\u00fcnste, Z\u00fcrich K\u00fcnstlerische Leitung und Performance: Janna Rottmann und Stefanie SteffenKost\u00fcm und szenografische Unterst\u00fctzung:&nbsp;Jana Br\u00e4ndleUnterst\u00fctzung B\u00fchne und Licht: Lilli UngerDramaturgische Begleitung: Natania PrezantFundus und Schneiderei: Maria Pate und Alma RumpkeTechnische Leitung und Betreuung: Michel WeberLicht:&nbsp;Lukas Keller und Dietrich FurerPyrotechnik: Lukas KellerTechnik und Bau: [&hellip;]<\/p>\n","protected":false},"author":1,"featured_media":0,"parent":0,"menu_order":0,"comment_status":"closed","ping_status":"closed","template":"","meta":{"footnotes":""},"class_list":["post-216","page","type-page","status-publish","hentry"],"_links":{"self":[{"href":"https:\/\/janabraendle.ch\/index.php?rest_route=\/wp\/v2\/pages\/216","targetHints":{"allow":["GET"]}}],"collection":[{"href":"https:\/\/janabraendle.ch\/index.php?rest_route=\/wp\/v2\/pages"}],"about":[{"href":"https:\/\/janabraendle.ch\/index.php?rest_route=\/wp\/v2\/types\/page"}],"author":[{"embeddable":true,"href":"https:\/\/janabraendle.ch\/index.php?rest_route=\/wp\/v2\/users\/1"}],"replies":[{"embeddable":true,"href":"https:\/\/janabraendle.ch\/index.php?rest_route=%2Fwp%2Fv2%2Fcomments&post=216"}],"version-history":[{"count":4,"href":"https:\/\/janabraendle.ch\/index.php?rest_route=\/wp\/v2\/pages\/216\/revisions"}],"predecessor-version":[{"id":302,"href":"https:\/\/janabraendle.ch\/index.php?rest_route=\/wp\/v2\/pages\/216\/revisions\/302"}],"wp:attachment":[{"href":"https:\/\/janabraendle.ch\/index.php?rest_route=%2Fwp%2Fv2%2Fmedia&parent=216"}],"curies":[{"name":"wp","href":"https:\/\/api.w.org\/{rel}","templated":true}]}}