{"id":135,"date":"2023-05-16T15:01:13","date_gmt":"2023-05-16T15:01:13","guid":{"rendered":"https:\/\/janabraendle.ch\/?page_id=135"},"modified":"2023-06-07T17:15:08","modified_gmt":"2023-06-07T17:15:08","slug":"135-2","status":"publish","type":"page","link":"https:\/\/janabraendle.ch\/?page_id=135","title":{"rendered":""},"content":{"rendered":"\n<h2 class=\"wp-block-heading has-dm-sans-font-family has-medium-font-size\" style=\"padding-top:0;padding-right:0;padding-bottom:0;padding-left:0\"><strong>DON&#8217;T DO NOTHING BE BORED<\/strong><br>Ein audio-installatives Draussen<\/h2>\n\n\n\n<hr class=\"wp-block-separator has-alpha-channel-opacity\"\/>\n\n\n\n<p class=\"has-dm-sans-font-family has-small-font-size\">11.05 \/ 12.05 \/ 13.05.2023<br>auf der Brache an der Hardgutstrasse 7, ZH<\/p>\n\n\n\n<p class=\"has-dm-sans-font-family has-small-font-size\">Konzept &amp; Umsetzung: <strong>Jana Br\u00e4ndle<\/strong><br>mit der Unterst\u00fctzung von: <strong>Verein Baustell, Benjamin Burger, Lorina Br\u00e4ndle,<\/strong><br><strong>Vincent Loup, Naemi Marty, Jakub Niziol, Carlo Raselli, Janna Rottmann,<\/strong><br><strong>Jakob Schmid, Stefanie Steffen<\/strong><\/p>\n\n\n\n<figure class=\"wp-block-video\"><video controls poster=\"https:\/\/janabraendle.ch\/wp-content\/uploads\/2023\/05\/Bildschirmfoto-2023-05-16-um-22.46.53.png\" src=\"https:\/\/janabraendle.ch\/wp-content\/uploads\/2023\/05\/Trailer-1.mp4\"><\/video><\/figure>\n\n\n\n<p class=\"has-dm-sans-font-family has-small-font-size\">In der \u00d6konomie der Effizienz ist die Toleranz gegen\u00fcber einer Langeweile tief.<br>Langeweile hat keinen Platz, oder haben wir sie verlernt? Formen des Langsamen,<br>des Umherschweifens, des Unterbruchs verschwinden.<br>Die Effizienz schafft jede Zwischenzeit ab. <\/p>\n\n\n\n<p class=\"has-dm-sans-font-family has-small-font-size\">Was kann denn unterbrochen werden? Ein Alltag? Eine Gewohnheit? Ein<br>Rhythmus? Eine Geschichte? Das Heute? Oder doch das System? Was dann?<br><br>DON&#8217;T DO NOTHING BE BORED ist eine performative Audioinstallation und schafft ein Dazwischen im Zwischenraum. Die Langeweile wird in oszillierende Eindr\u00fccke verwandelt und das Publikum sich selbst \u00fcberlassen. Was passiert, wenn eigentlich nichts passiert? <br><br>Akustische Verschiebungen, (un-)scheinbare szenografische Eingriffe und der vorbeiziehende Alltag erzeugen einen k\u00fcnstlichen Raum, der sich als diesen erst am Ende entlarvt. Das Spiel mit der eigenen Wahrnehmung und der Frage nach Inszenierung und Realit\u00e4t verwandelt die Audioinstallation in ein unaufgeregtes und zeitgleich absurdes Erlebnis. Keine Flut. Kein Hyper.<br>Eher ein Lauschen.<br><\/p>\n\n\n\n<figure class=\"wp-block-image size-large\"><img loading=\"lazy\" decoding=\"async\" width=\"757\" height=\"1024\" src=\"https:\/\/janabraendle.ch\/wp-content\/uploads\/2023\/05\/1_MG_5000-2-757x1024.jpg\" alt=\"\" class=\"wp-image-191\" srcset=\"https:\/\/janabraendle.ch\/wp-content\/uploads\/2023\/05\/1_MG_5000-2-757x1024.jpg 757w, https:\/\/janabraendle.ch\/wp-content\/uploads\/2023\/05\/1_MG_5000-2-222x300.jpg 222w, https:\/\/janabraendle.ch\/wp-content\/uploads\/2023\/05\/1_MG_5000-2-768x1039.jpg 768w, https:\/\/janabraendle.ch\/wp-content\/uploads\/2023\/05\/1_MG_5000-2-1135x1536.jpg 1135w, https:\/\/janabraendle.ch\/wp-content\/uploads\/2023\/05\/1_MG_5000-2-1514x2048.jpg 1514w, https:\/\/janabraendle.ch\/wp-content\/uploads\/2023\/05\/1_MG_5000-2-scaled.jpg 1892w\" sizes=\"auto, (max-width: 757px) 100vw, 757px\" \/><\/figure>\n\n\n\n<figure class=\"wp-block-gallery has-nested-images columns-default is-cropped wp-block-gallery-1 is-layout-flex wp-block-gallery-is-layout-flex\">\n<figure class=\"wp-block-image size-large\"><img loading=\"lazy\" decoding=\"async\" width=\"1024\" height=\"653\" data-id=\"192\" src=\"https:\/\/janabraendle.ch\/wp-content\/uploads\/2023\/05\/2_CH5A0379-2-1024x653.jpg\" alt=\"\" class=\"wp-image-192\" srcset=\"https:\/\/janabraendle.ch\/wp-content\/uploads\/2023\/05\/2_CH5A0379-2-1024x653.jpg 1024w, https:\/\/janabraendle.ch\/wp-content\/uploads\/2023\/05\/2_CH5A0379-2-300x191.jpg 300w, https:\/\/janabraendle.ch\/wp-content\/uploads\/2023\/05\/2_CH5A0379-2-768x490.jpg 768w, https:\/\/janabraendle.ch\/wp-content\/uploads\/2023\/05\/2_CH5A0379-2-1536x980.jpg 1536w, https:\/\/janabraendle.ch\/wp-content\/uploads\/2023\/05\/2_CH5A0379-2-2048x1307.jpg 2048w\" sizes=\"auto, (max-width: 1024px) 100vw, 1024px\" \/><\/figure>\n<\/figure>\n\n\n\n<figure class=\"wp-block-gallery has-nested-images columns-default is-cropped wp-block-gallery-2 is-layout-flex wp-block-gallery-is-layout-flex\">\n<figure class=\"wp-block-image size-large\"><img loading=\"lazy\" decoding=\"async\" width=\"683\" height=\"1024\" data-id=\"195\" src=\"https:\/\/janabraendle.ch\/wp-content\/uploads\/2023\/05\/3_CH5A0376-1-683x1024.jpg\" alt=\"\" class=\"wp-image-195\" srcset=\"https:\/\/janabraendle.ch\/wp-content\/uploads\/2023\/05\/3_CH5A0376-1-683x1024.jpg 683w, https:\/\/janabraendle.ch\/wp-content\/uploads\/2023\/05\/3_CH5A0376-1-200x300.jpg 200w, https:\/\/janabraendle.ch\/wp-content\/uploads\/2023\/05\/3_CH5A0376-1-768x1152.jpg 768w, https:\/\/janabraendle.ch\/wp-content\/uploads\/2023\/05\/3_CH5A0376-1-1024x1536.jpg 1024w, https:\/\/janabraendle.ch\/wp-content\/uploads\/2023\/05\/3_CH5A0376-1-1365x2048.jpg 1365w, https:\/\/janabraendle.ch\/wp-content\/uploads\/2023\/05\/3_CH5A0376-1-scaled.jpg 1707w\" sizes=\"auto, (max-width: 683px) 100vw, 683px\" \/><\/figure>\n\n\n\n<figure class=\"wp-block-image size-large\"><img loading=\"lazy\" decoding=\"async\" width=\"683\" height=\"1024\" data-id=\"193\" src=\"https:\/\/janabraendle.ch\/wp-content\/uploads\/2023\/05\/4_CH5A0384-1-683x1024.jpg\" alt=\"\" class=\"wp-image-193\" srcset=\"https:\/\/janabraendle.ch\/wp-content\/uploads\/2023\/05\/4_CH5A0384-1-683x1024.jpg 683w, https:\/\/janabraendle.ch\/wp-content\/uploads\/2023\/05\/4_CH5A0384-1-200x300.jpg 200w, https:\/\/janabraendle.ch\/wp-content\/uploads\/2023\/05\/4_CH5A0384-1-768x1152.jpg 768w, https:\/\/janabraendle.ch\/wp-content\/uploads\/2023\/05\/4_CH5A0384-1-1024x1536.jpg 1024w, https:\/\/janabraendle.ch\/wp-content\/uploads\/2023\/05\/4_CH5A0384-1-1365x2048.jpg 1365w, https:\/\/janabraendle.ch\/wp-content\/uploads\/2023\/05\/4_CH5A0384-1-scaled.jpg 1707w\" sizes=\"auto, (max-width: 683px) 100vw, 683px\" \/><\/figure>\n\n\n\n<figure class=\"wp-block-image size-large\"><img loading=\"lazy\" decoding=\"async\" width=\"683\" height=\"1024\" data-id=\"196\" src=\"https:\/\/janabraendle.ch\/wp-content\/uploads\/2023\/05\/5_CH5A0386-1-683x1024.jpg\" alt=\"\" class=\"wp-image-196\" srcset=\"https:\/\/janabraendle.ch\/wp-content\/uploads\/2023\/05\/5_CH5A0386-1-683x1024.jpg 683w, https:\/\/janabraendle.ch\/wp-content\/uploads\/2023\/05\/5_CH5A0386-1-200x300.jpg 200w, https:\/\/janabraendle.ch\/wp-content\/uploads\/2023\/05\/5_CH5A0386-1-768x1152.jpg 768w, https:\/\/janabraendle.ch\/wp-content\/uploads\/2023\/05\/5_CH5A0386-1-1024x1536.jpg 1024w, https:\/\/janabraendle.ch\/wp-content\/uploads\/2023\/05\/5_CH5A0386-1-1365x2048.jpg 1365w, https:\/\/janabraendle.ch\/wp-content\/uploads\/2023\/05\/5_CH5A0386-1-scaled.jpg 1707w\" sizes=\"auto, (max-width: 683px) 100vw, 683px\" \/><\/figure>\n\n\n\n<figure class=\"wp-block-image size-large\"><img loading=\"lazy\" decoding=\"async\" width=\"683\" height=\"1024\" data-id=\"198\" src=\"https:\/\/janabraendle.ch\/wp-content\/uploads\/2023\/05\/6__MG_4972-1-683x1024.jpg\" alt=\"\" class=\"wp-image-198\" srcset=\"https:\/\/janabraendle.ch\/wp-content\/uploads\/2023\/05\/6__MG_4972-1-683x1024.jpg 683w, https:\/\/janabraendle.ch\/wp-content\/uploads\/2023\/05\/6__MG_4972-1-200x300.jpg 200w, https:\/\/janabraendle.ch\/wp-content\/uploads\/2023\/05\/6__MG_4972-1-768x1152.jpg 768w, https:\/\/janabraendle.ch\/wp-content\/uploads\/2023\/05\/6__MG_4972-1-1024x1536.jpg 1024w, https:\/\/janabraendle.ch\/wp-content\/uploads\/2023\/05\/6__MG_4972-1-1365x2048.jpg 1365w, https:\/\/janabraendle.ch\/wp-content\/uploads\/2023\/05\/6__MG_4972-1-scaled.jpg 1707w\" sizes=\"auto, (max-width: 683px) 100vw, 683px\" \/><\/figure>\n\n\n\n<figure class=\"wp-block-image size-large\"><img loading=\"lazy\" decoding=\"async\" width=\"1024\" height=\"683\" data-id=\"197\" src=\"https:\/\/janabraendle.ch\/wp-content\/uploads\/2023\/05\/7_CH5A0391-1-1024x683.jpg\" alt=\"\" class=\"wp-image-197\" srcset=\"https:\/\/janabraendle.ch\/wp-content\/uploads\/2023\/05\/7_CH5A0391-1-1024x683.jpg 1024w, https:\/\/janabraendle.ch\/wp-content\/uploads\/2023\/05\/7_CH5A0391-1-300x200.jpg 300w, https:\/\/janabraendle.ch\/wp-content\/uploads\/2023\/05\/7_CH5A0391-1-768x512.jpg 768w, https:\/\/janabraendle.ch\/wp-content\/uploads\/2023\/05\/7_CH5A0391-1-1536x1024.jpg 1536w, https:\/\/janabraendle.ch\/wp-content\/uploads\/2023\/05\/7_CH5A0391-1-2048x1365.jpg 2048w\" sizes=\"auto, (max-width: 1024px) 100vw, 1024px\" \/><\/figure>\n\n\n\n<figure class=\"wp-block-image size-large\"><img loading=\"lazy\" decoding=\"async\" width=\"683\" height=\"1024\" data-id=\"194\" src=\"https:\/\/janabraendle.ch\/wp-content\/uploads\/2023\/05\/8_CH5A0440-1-683x1024.jpg\" alt=\"\" class=\"wp-image-194\" srcset=\"https:\/\/janabraendle.ch\/wp-content\/uploads\/2023\/05\/8_CH5A0440-1-683x1024.jpg 683w, https:\/\/janabraendle.ch\/wp-content\/uploads\/2023\/05\/8_CH5A0440-1-200x300.jpg 200w, https:\/\/janabraendle.ch\/wp-content\/uploads\/2023\/05\/8_CH5A0440-1-768x1152.jpg 768w, https:\/\/janabraendle.ch\/wp-content\/uploads\/2023\/05\/8_CH5A0440-1-1024x1536.jpg 1024w, https:\/\/janabraendle.ch\/wp-content\/uploads\/2023\/05\/8_CH5A0440-1-1365x2048.jpg 1365w, https:\/\/janabraendle.ch\/wp-content\/uploads\/2023\/05\/8_CH5A0440-1-scaled.jpg 1707w\" sizes=\"auto, (max-width: 683px) 100vw, 683px\" \/><\/figure>\n<\/figure>\n\n\n\n<figure class=\"wp-block-image size-large\"><img loading=\"lazy\" decoding=\"async\" width=\"1024\" height=\"683\" src=\"https:\/\/janabraendle.ch\/wp-content\/uploads\/2023\/05\/9_CH5A0427-1-1024x683.jpg\" alt=\"\" class=\"wp-image-199\" srcset=\"https:\/\/janabraendle.ch\/wp-content\/uploads\/2023\/05\/9_CH5A0427-1-1024x683.jpg 1024w, https:\/\/janabraendle.ch\/wp-content\/uploads\/2023\/05\/9_CH5A0427-1-300x200.jpg 300w, https:\/\/janabraendle.ch\/wp-content\/uploads\/2023\/05\/9_CH5A0427-1-768x512.jpg 768w, https:\/\/janabraendle.ch\/wp-content\/uploads\/2023\/05\/9_CH5A0427-1-1536x1024.jpg 1536w, https:\/\/janabraendle.ch\/wp-content\/uploads\/2023\/05\/9_CH5A0427-1-2048x1365.jpg 2048w\" sizes=\"auto, (max-width: 1024px) 100vw, 1024px\" \/><\/figure>\n\n\n\n<figure class=\"wp-block-gallery has-nested-images columns-default is-cropped wp-block-gallery-3 is-layout-flex wp-block-gallery-is-layout-flex\">\n<figure class=\"wp-block-image size-large\"><img loading=\"lazy\" decoding=\"async\" width=\"683\" height=\"1024\" data-id=\"205\" src=\"https:\/\/janabraendle.ch\/wp-content\/uploads\/2023\/05\/11_MG_4873-1-683x1024.jpg\" alt=\"\" class=\"wp-image-205\" srcset=\"https:\/\/janabraendle.ch\/wp-content\/uploads\/2023\/05\/11_MG_4873-1-683x1024.jpg 683w, https:\/\/janabraendle.ch\/wp-content\/uploads\/2023\/05\/11_MG_4873-1-200x300.jpg 200w, https:\/\/janabraendle.ch\/wp-content\/uploads\/2023\/05\/11_MG_4873-1-768x1152.jpg 768w, https:\/\/janabraendle.ch\/wp-content\/uploads\/2023\/05\/11_MG_4873-1-1024x1536.jpg 1024w, https:\/\/janabraendle.ch\/wp-content\/uploads\/2023\/05\/11_MG_4873-1-1365x2048.jpg 1365w, https:\/\/janabraendle.ch\/wp-content\/uploads\/2023\/05\/11_MG_4873-1-scaled.jpg 1707w\" sizes=\"auto, (max-width: 683px) 100vw, 683px\" \/><\/figure>\n\n\n\n<figure class=\"wp-block-image size-large\"><img loading=\"lazy\" decoding=\"async\" width=\"1024\" height=\"683\" data-id=\"200\" src=\"https:\/\/janabraendle.ch\/wp-content\/uploads\/2023\/05\/12_MG_4852-1-1024x683.jpg\" alt=\"\" class=\"wp-image-200\" srcset=\"https:\/\/janabraendle.ch\/wp-content\/uploads\/2023\/05\/12_MG_4852-1-1024x683.jpg 1024w, https:\/\/janabraendle.ch\/wp-content\/uploads\/2023\/05\/12_MG_4852-1-300x200.jpg 300w, https:\/\/janabraendle.ch\/wp-content\/uploads\/2023\/05\/12_MG_4852-1-768x512.jpg 768w, https:\/\/janabraendle.ch\/wp-content\/uploads\/2023\/05\/12_MG_4852-1-1536x1024.jpg 1536w, https:\/\/janabraendle.ch\/wp-content\/uploads\/2023\/05\/12_MG_4852-1-2048x1365.jpg 2048w\" sizes=\"auto, (max-width: 1024px) 100vw, 1024px\" \/><\/figure>\n\n\n\n<figure class=\"wp-block-image size-large\"><img loading=\"lazy\" decoding=\"async\" width=\"683\" height=\"1024\" data-id=\"201\" src=\"https:\/\/janabraendle.ch\/wp-content\/uploads\/2023\/05\/18_MG_4794-1-683x1024.jpg\" alt=\"\" class=\"wp-image-201\" srcset=\"https:\/\/janabraendle.ch\/wp-content\/uploads\/2023\/05\/18_MG_4794-1-683x1024.jpg 683w, https:\/\/janabraendle.ch\/wp-content\/uploads\/2023\/05\/18_MG_4794-1-200x300.jpg 200w, https:\/\/janabraendle.ch\/wp-content\/uploads\/2023\/05\/18_MG_4794-1-768x1152.jpg 768w, https:\/\/janabraendle.ch\/wp-content\/uploads\/2023\/05\/18_MG_4794-1-1024x1536.jpg 1024w, https:\/\/janabraendle.ch\/wp-content\/uploads\/2023\/05\/18_MG_4794-1-1365x2048.jpg 1365w, https:\/\/janabraendle.ch\/wp-content\/uploads\/2023\/05\/18_MG_4794-1-scaled.jpg 1707w\" sizes=\"auto, (max-width: 683px) 100vw, 683px\" \/><\/figure>\n\n\n\n<figure class=\"wp-block-image size-large\"><img loading=\"lazy\" decoding=\"async\" width=\"1024\" height=\"683\" data-id=\"202\" src=\"https:\/\/janabraendle.ch\/wp-content\/uploads\/2023\/05\/17_CH5A0420-1-1024x683.jpg\" alt=\"\" class=\"wp-image-202\" srcset=\"https:\/\/janabraendle.ch\/wp-content\/uploads\/2023\/05\/17_CH5A0420-1-1024x683.jpg 1024w, https:\/\/janabraendle.ch\/wp-content\/uploads\/2023\/05\/17_CH5A0420-1-300x200.jpg 300w, https:\/\/janabraendle.ch\/wp-content\/uploads\/2023\/05\/17_CH5A0420-1-768x512.jpg 768w, https:\/\/janabraendle.ch\/wp-content\/uploads\/2023\/05\/17_CH5A0420-1-1536x1024.jpg 1536w, https:\/\/janabraendle.ch\/wp-content\/uploads\/2023\/05\/17_CH5A0420-1-2048x1365.jpg 2048w\" sizes=\"auto, (max-width: 1024px) 100vw, 1024px\" \/><\/figure>\n\n\n\n<figure class=\"wp-block-image size-large\"><img loading=\"lazy\" decoding=\"async\" width=\"683\" height=\"1024\" data-id=\"209\" src=\"https:\/\/janabraendle.ch\/wp-content\/uploads\/2023\/05\/14_MG_4964-1-683x1024.jpg\" alt=\"\" class=\"wp-image-209\" srcset=\"https:\/\/janabraendle.ch\/wp-content\/uploads\/2023\/05\/14_MG_4964-1-683x1024.jpg 683w, https:\/\/janabraendle.ch\/wp-content\/uploads\/2023\/05\/14_MG_4964-1-200x300.jpg 200w, https:\/\/janabraendle.ch\/wp-content\/uploads\/2023\/05\/14_MG_4964-1-768x1152.jpg 768w, https:\/\/janabraendle.ch\/wp-content\/uploads\/2023\/05\/14_MG_4964-1-1024x1536.jpg 1024w, https:\/\/janabraendle.ch\/wp-content\/uploads\/2023\/05\/14_MG_4964-1-1365x2048.jpg 1365w, https:\/\/janabraendle.ch\/wp-content\/uploads\/2023\/05\/14_MG_4964-1-scaled.jpg 1707w\" sizes=\"auto, (max-width: 683px) 100vw, 683px\" \/><\/figure>\n\n\n\n<figure class=\"wp-block-image size-large\"><img loading=\"lazy\" decoding=\"async\" width=\"1024\" height=\"683\" data-id=\"207\" src=\"https:\/\/janabraendle.ch\/wp-content\/uploads\/2023\/05\/16_MG_4914-1-1024x683.jpg\" alt=\"\" class=\"wp-image-207\" srcset=\"https:\/\/janabraendle.ch\/wp-content\/uploads\/2023\/05\/16_MG_4914-1-1024x683.jpg 1024w, https:\/\/janabraendle.ch\/wp-content\/uploads\/2023\/05\/16_MG_4914-1-300x200.jpg 300w, https:\/\/janabraendle.ch\/wp-content\/uploads\/2023\/05\/16_MG_4914-1-768x512.jpg 768w, https:\/\/janabraendle.ch\/wp-content\/uploads\/2023\/05\/16_MG_4914-1-1536x1024.jpg 1536w, https:\/\/janabraendle.ch\/wp-content\/uploads\/2023\/05\/16_MG_4914-1-2048x1365.jpg 2048w\" sizes=\"auto, (max-width: 1024px) 100vw, 1024px\" \/><\/figure>\n<\/figure>\n\n\n\n<figure class=\"wp-block-image size-large\"><img loading=\"lazy\" decoding=\"async\" width=\"683\" height=\"1024\" src=\"https:\/\/janabraendle.ch\/wp-content\/uploads\/2023\/05\/20_CH5A0467-1-683x1024.jpg\" alt=\"\" class=\"wp-image-210\" srcset=\"https:\/\/janabraendle.ch\/wp-content\/uploads\/2023\/05\/20_CH5A0467-1-683x1024.jpg 683w, https:\/\/janabraendle.ch\/wp-content\/uploads\/2023\/05\/20_CH5A0467-1-200x300.jpg 200w, https:\/\/janabraendle.ch\/wp-content\/uploads\/2023\/05\/20_CH5A0467-1-768x1152.jpg 768w, https:\/\/janabraendle.ch\/wp-content\/uploads\/2023\/05\/20_CH5A0467-1-1024x1536.jpg 1024w, https:\/\/janabraendle.ch\/wp-content\/uploads\/2023\/05\/20_CH5A0467-1-1365x2048.jpg 1365w, https:\/\/janabraendle.ch\/wp-content\/uploads\/2023\/05\/20_CH5A0467-1-scaled.jpg 1707w\" sizes=\"auto, (max-width: 683px) 100vw, 683px\" \/><\/figure>\n\n\n\n<figure class=\"wp-block-image size-large\"><img loading=\"lazy\" decoding=\"async\" width=\"1024\" height=\"683\" src=\"https:\/\/janabraendle.ch\/wp-content\/uploads\/2023\/05\/21_MG_4948-1-1024x683.jpg\" alt=\"\" class=\"wp-image-211\" srcset=\"https:\/\/janabraendle.ch\/wp-content\/uploads\/2023\/05\/21_MG_4948-1-1024x683.jpg 1024w, https:\/\/janabraendle.ch\/wp-content\/uploads\/2023\/05\/21_MG_4948-1-300x200.jpg 300w, https:\/\/janabraendle.ch\/wp-content\/uploads\/2023\/05\/21_MG_4948-1-768x512.jpg 768w, https:\/\/janabraendle.ch\/wp-content\/uploads\/2023\/05\/21_MG_4948-1-1536x1024.jpg 1536w, https:\/\/janabraendle.ch\/wp-content\/uploads\/2023\/05\/21_MG_4948-1-2048x1365.jpg 2048w\" sizes=\"auto, (max-width: 1024px) 100vw, 1024px\" \/><\/figure>\n\n\n\n<p class=\"has-dm-sans-font-family has-small-font-size\"><em>\u00a9 Lorina Br\u00e4ndle<\/em><\/p>\n","protected":false},"excerpt":{"rendered":"<p>DON&#8217;T DO NOTHING BE BOREDEin audio-installatives Draussen 11.05 \/ 12.05 \/ 13.05.2023auf der Brache an der Hardgutstrasse 7, ZH Konzept &amp; Umsetzung: Jana Br\u00e4ndlemit der Unterst\u00fctzung von: Verein Baustell, Benjamin Burger, Lorina Br\u00e4ndle,Vincent Loup, Naemi Marty, Jakub Niziol, Carlo Raselli, Janna Rottmann,Jakob Schmid, Stefanie Steffen In der \u00d6konomie der Effizienz ist die Toleranz gegen\u00fcber einer [&hellip;]<\/p>\n","protected":false},"author":1,"featured_media":0,"parent":0,"menu_order":0,"comment_status":"closed","ping_status":"closed","template":"","meta":{"footnotes":""},"class_list":["post-135","page","type-page","status-publish","hentry"],"_links":{"self":[{"href":"https:\/\/janabraendle.ch\/index.php?rest_route=\/wp\/v2\/pages\/135","targetHints":{"allow":["GET"]}}],"collection":[{"href":"https:\/\/janabraendle.ch\/index.php?rest_route=\/wp\/v2\/pages"}],"about":[{"href":"https:\/\/janabraendle.ch\/index.php?rest_route=\/wp\/v2\/types\/page"}],"author":[{"embeddable":true,"href":"https:\/\/janabraendle.ch\/index.php?rest_route=\/wp\/v2\/users\/1"}],"replies":[{"embeddable":true,"href":"https:\/\/janabraendle.ch\/index.php?rest_route=%2Fwp%2Fv2%2Fcomments&post=135"}],"version-history":[{"count":14,"href":"https:\/\/janabraendle.ch\/index.php?rest_route=\/wp\/v2\/pages\/135\/revisions"}],"predecessor-version":[{"id":362,"href":"https:\/\/janabraendle.ch\/index.php?rest_route=\/wp\/v2\/pages\/135\/revisions\/362"}],"wp:attachment":[{"href":"https:\/\/janabraendle.ch\/index.php?rest_route=%2Fwp%2Fv2%2Fmedia&parent=135"}],"curies":[{"name":"wp","href":"https:\/\/api.w.org\/{rel}","templated":true}]}}